{"id":972,"date":"2025-10-01T12:37:37","date_gmt":"2025-10-01T12:37:37","guid":{"rendered":"https:\/\/pk-rohstoffe.de\/?page_id=972"},"modified":"2025-10-08T07:10:09","modified_gmt":"2025-10-08T07:10:09","slug":"hinweisgebersystem","status":"publish","type":"page","link":"https:\/\/pk-rohstoffe.de\/en\/hinweisgebersystem\/","title":{"rendered":"Whistleblower system"},"content":{"rendered":"<div data-elementor-type=\"wp-post\" data-elementor-id=\"972\" class=\"elementor elementor-972\">\n\t\t\t\t<div class=\"elementor-element elementor-element-6ff2edd4 e-flex e-con-boxed e-con e-parent\" data-id=\"6ff2edd4\" data-element_type=\"container\" data-settings=\"{&quot;background_background&quot;:&quot;classic&quot;}\">\n\t\t\t\t\t<div class=\"e-con-inner\">\n\t\t<div class=\"elementor-element elementor-element-e6e51cd e-flex e-con-boxed e-con e-child\" data-id=\"e6e51cd\" data-element_type=\"container\">\n\t\t\t\t\t<div class=\"e-con-inner\">\n\t\t\t\t<div class=\"elementor-element elementor-element-4e86d9de elementor-widget elementor-widget-heading\" data-id=\"4e86d9de\" data-element_type=\"widget\" data-widget_type=\"heading.default\">\n\t\t\t\t<div class=\"elementor-widget-container\">\n\t\t\t\t\t<h6 class=\"elementor-heading-title elementor-size-default\">Welcome to\nPK Rohstoffe<\/h6>\t\t\t\t<\/div>\n\t\t\t\t<\/div>\n\t\t\t\t<div class=\"elementor-element elementor-element-61daf72 elementor-widget elementor-widget-heading\" data-id=\"61daf72\" data-element_type=\"widget\" data-widget_type=\"heading.default\">\n\t\t\t\t<div class=\"elementor-widget-container\">\n\t\t\t\t\t<h1 class=\"elementor-heading-title elementor-size-default\">Whistleblower system<\/h1>\t\t\t\t<\/div>\n\t\t\t\t<\/div>\n\t\t\t\t\t<\/div>\n\t\t\t\t<\/div>\n\t\t\t\t\t<\/div>\n\t\t\t\t<\/div>\n\t\t<div class=\"elementor-element elementor-element-1ac7c70 e-flex e-con-boxed e-con e-parent\" data-id=\"1ac7c70\" data-element_type=\"container\">\n\t\t\t\t\t<div class=\"e-con-inner\">\n\t\t<div class=\"elementor-element elementor-element-9e1fa3d e-con-full e-flex e-con e-child\" data-id=\"9e1fa3d\" data-element_type=\"container\">\n\t\t\t\t<div class=\"elementor-element elementor-element-230b284 elementor-invisible elementor-widget elementor-widget-heading\" data-id=\"230b284\" data-element_type=\"widget\" data-settings=\"{&quot;_animation&quot;:&quot;fadeInUp&quot;,&quot;_animation_delay&quot;:200}\" data-widget_type=\"heading.default\">\n\t\t\t\t<div class=\"elementor-widget-container\">\n\t\t\t\t\t<h1 class=\"elementor-heading-title elementor-size-default\">Whistleblower system<\/h1>\t\t\t\t<\/div>\n\t\t\t\t<\/div>\n\t\t\t\t<div class=\"elementor-element elementor-element-1a2825a elementor-widget elementor-widget-text-editor\" data-id=\"1a2825a\" data-element_type=\"widget\" data-widget_type=\"text-editor.default\">\n\t\t\t\t<div class=\"elementor-widget-container\">\n\t\t\t\t\t\t\t\t\t<p>At PK Rohstoffe GmbH, employees have the option of contacting an internal, outsourced, and independent whistleblower portal if they suspect or are aware of illegal or unethical conduct, thereby helping to uncover violations of rules. PK Rohstoffe GmbH is part of the Possehl Construction Group and uses the group-wide standardized whistleblower portal (WhistleFox).<\/p><p>Misconduct by employees in our group of companies as well as by our suppliers and service providers can be reported in relation to possible legal violations or actions that are damaging to the company, such as corruption, bribery, fraud, other criminal acts, child labor, slavery, lack of occupational safety, exploitation, and discrimination.<\/p><p>Whistleblowers will not suffer any disadvantage as a result of reporting. Reports can be made in German and English\u2014anonymously if desired.<\/p>\t\t\t\t\t\t\t\t<\/div>\n\t\t\t\t<\/div>\n\t\t\t\t<\/div>\n\t\t<div class=\"elementor-element elementor-element-70ea3be e-con-full e-flex e-con e-child\" data-id=\"70ea3be\" data-element_type=\"container\">\n\t\t\t\t<div class=\"elementor-element elementor-element-5dc11c1 elementor-invisible elementor-widget elementor-widget-heading\" data-id=\"5dc11c1\" data-element_type=\"widget\" data-settings=\"{&quot;_animation&quot;:&quot;fadeInUp&quot;,&quot;_animation_delay&quot;:200}\" data-widget_type=\"heading.default\">\n\t\t\t\t<div class=\"elementor-widget-container\">\n\t\t\t\t\t<h1 class=\"elementor-heading-title elementor-size-default\">WhistleFox whistleblower portal<\/h1>\t\t\t\t<\/div>\n\t\t\t\t<\/div>\n\t\t\t\t<div class=\"elementor-element elementor-element-318b934 elementor-widget elementor-widget-text-editor\" data-id=\"318b934\" data-element_type=\"widget\" data-widget_type=\"text-editor.default\">\n\t\t\t\t<div class=\"elementor-widget-container\">\n\t\t\t\t\t\t\t\t\t<p>If you have specific, substantiated evidence of legal violations or rule violations at one of the companies of the Possehl Construction Group, or if you suspect such violations, you have the following options for contacting us:<\/p><ul><li><span style=\"color: #0000ff;\">by\u00a0<a style=\"color: #0000ff;\" href=\"https:\/\/whistlefox.heuking.de\/start\/pcg\/de\/BE69E08AFA83B37D54C4E5D843E57838\"><span style=\"text-decoration: underline;\">web form<\/span><\/a>\u00a0\/ English Webform\u00a0<a style=\"color: #0000ff;\" href=\"https:\/\/whistlefox.heuking.de\/start\/pcg\/en\/BE69E08AFA83B37D54C4E5D843E57838\"><span style=\"text-decoration: underline;\">here<\/span><\/a><\/span><\/li><li><span style=\"color: #0000ff;\">by telephone: +49 221 2052-547<\/span><\/li><li><span style=\"color: #0000ff;\">by fax: +49 221 2052-1<\/span><\/li><li><span style=\"color: #0000ff;\">by Mail <span style=\"text-decoration: underline;\"><a style=\"color: #0000ff; text-decoration: underline;\" href=\"mailto:c.schork@heuking.de\">c.schork@heuking.de<\/a><\/span><\/span><\/li><\/ul><p>The confidential reporting office (WhistleFox) can be contacted around the clock via web form, email, fax, or mail, and by telephone during normal office hours on weekdays.<\/p><p>Dr. Christoph Schork, attorney at law, is available to assist you.<\/p><p>Heuking K\u00fchn L\u00fcer Wojtek<br \/>Attn: Dr. Christoph Schork<br \/>Magnusstra\u00dfe 13<br \/>D-50672 K\u00f6ln<\/p><p>It is also possible to report to external official reporting offices. These are, for example<\/p><ul><li><span style=\"color: #0000ff;\">the external reporting office of the federal government at the Federal Office of Justice;<\/span><\/li><li><span style=\"color: #0000ff;\">external reporting offices of the respective federal state;<\/span><\/li><li><span style=\"color: #0000ff;\">Specialized external reporting offices, e.g., at the Federal Cartel Office.<\/span><\/li><\/ul><p>Please note that the whistleblower system is not intended for complaints. If you are dissatisfied with the products or services of the Possehl Construction Group, please contact your respective contact person in the relevant company.<\/p><p>How we handle reports in accordance with Section 8 of the LkSG is outlined in our\u00a0<span style=\"text-decoration: underline;\"><a href=\"https:\/\/www.possehl-construction.de\/fileadmin\/assets\/documents\/PCG_Verfahrensordnung_de.pdf\">rules of procedure<\/a><\/span>\u00a0regulated\u00a0<\/p><p>Misconduct by employees in our group of companies as well as by our suppliers and service providers can be reported in relation to possible legal violations or actions that are damaging to the company, such as corruption, bribery, fraud, other criminal acts, child labor, slavery, lack of occupational safety, exploitation, and discrimination.<\/p><p>Whistleblowers will not suffer any disadvantage as a result of reporting. Reports can be made in German and English\u2014anonymously if desired.<\/p>\t\t\t\t\t\t\t\t<\/div>\n\t\t\t\t<\/div>\n\t\t\t\t<\/div>\n\t\t\t\t\t<\/div>\n\t\t\t\t<\/div>\n\t\t\t\t<\/div>","protected":false},"excerpt":{"rendered":"<p>Willkommen bei PK Rohstoffe Hinweisgebersystem Hinweisgebersystem Bei der PK Rohstoffe GmbH besteht die M\u00f6glichkeit, sich bei Verdacht oder Kenntnis von illegalem oder unethischem Handeln an ein internes, ausgelagertes und unabh\u00e4ngiges Hinweisgeberportal zu wenden und somit zur Aufdeckung von Regelverst\u00f6\u00dfen beizutragen. Die PK Rohstoffe GmbH ist Teil der Possehl Construction Group und nutzt das gruppenweit einheitliche [&hellip;]<\/p>","protected":false},"author":2,"featured_media":0,"parent":0,"menu_order":0,"comment_status":"closed","ping_status":"closed","template":"elementor_header_footer","meta":{"footnotes":""},"class_list":["post-972","page","type-page","status-publish","hentry"],"yoast_head":"<!-- This site is optimized with the Yoast SEO plugin v25.2 - https:\/\/yoast.com\/wordpress\/plugins\/seo\/ -->\n<title>Hinweisgebersystem - PK Rohstoffe<\/title>\n<meta name=\"robots\" content=\"index, follow, max-snippet:-1, max-image-preview:large, max-video-preview:-1\" \/>\n<link rel=\"canonical\" href=\"https:\/\/pk-rohstoffe.de\/en\/hinweisgebersystem\/\" \/>\n<meta property=\"og:locale\" content=\"en_US\" \/>\n<meta property=\"og:type\" content=\"article\" \/>\n<meta property=\"og:title\" content=\"Hinweisgebersystem - PK Rohstoffe\" \/>\n<meta property=\"og:description\" content=\"Willkommen bei PK Rohstoffe Hinweisgebersystem Hinweisgebersystem Bei der PK Rohstoffe GmbH besteht die M\u00f6glichkeit, sich bei Verdacht oder Kenntnis von illegalem oder unethischem Handeln an ein internes, ausgelagertes und unabh\u00e4ngiges Hinweisgeberportal zu wenden und somit zur Aufdeckung von Regelverst\u00f6\u00dfen beizutragen. Die PK Rohstoffe GmbH ist Teil der Possehl Construction Group und nutzt das gruppenweit einheitliche [&hellip;]\" \/>\n<meta property=\"og:url\" content=\"https:\/\/pk-rohstoffe.de\/en\/hinweisgebersystem\/\" \/>\n<meta property=\"og:site_name\" content=\"PK Rohstoffe\" \/>\n<meta property=\"article:modified_time\" content=\"2025-10-08T07:10:09+00:00\" \/>\n<meta name=\"twitter:card\" content=\"summary_large_image\" \/>\n<meta name=\"twitter:label1\" content=\"Est. reading time\" \/>\n\t<meta name=\"twitter:data1\" content=\"3 minutes\" \/>\n<script type=\"application\/ld+json\" class=\"yoast-schema-graph\">{\"@context\":\"https:\/\/schema.org\",\"@graph\":[{\"@type\":\"WebPage\",\"@id\":\"https:\/\/pk-rohstoffe.de\/hinweisgebersystem\/\",\"url\":\"https:\/\/pk-rohstoffe.de\/hinweisgebersystem\/\",\"name\":\"Hinweisgebersystem - PK Rohstoffe\",\"isPartOf\":{\"@id\":\"https:\/\/pk-rohstoffe.de\/#website\"},\"datePublished\":\"2025-10-01T12:37:37+00:00\",\"dateModified\":\"2025-10-08T07:10:09+00:00\",\"breadcrumb\":{\"@id\":\"https:\/\/pk-rohstoffe.de\/hinweisgebersystem\/#breadcrumb\"},\"inLanguage\":\"en-US\",\"potentialAction\":[{\"@type\":\"ReadAction\",\"target\":[\"https:\/\/pk-rohstoffe.de\/hinweisgebersystem\/\"]}]},{\"@type\":\"BreadcrumbList\",\"@id\":\"https:\/\/pk-rohstoffe.de\/hinweisgebersystem\/#breadcrumb\",\"itemListElement\":[{\"@type\":\"ListItem\",\"position\":1,\"name\":\"Home\",\"item\":\"https:\/\/pk-rohstoffe.de\/\"},{\"@type\":\"ListItem\",\"position\":2,\"name\":\"Hinweisgebersystem\"}]},{\"@type\":\"WebSite\",\"@id\":\"https:\/\/pk-rohstoffe.de\/#website\",\"url\":\"https:\/\/pk-rohstoffe.de\/\",\"name\":\"PK Rohstoffe\",\"description\":\"Industrieabf\u00e4lle umweltfreundlich verwerten\",\"potentialAction\":[{\"@type\":\"SearchAction\",\"target\":{\"@type\":\"EntryPoint\",\"urlTemplate\":\"https:\/\/pk-rohstoffe.de\/?s={search_term_string}\"},\"query-input\":{\"@type\":\"PropertyValueSpecification\",\"valueRequired\":true,\"valueName\":\"search_term_string\"}}],\"inLanguage\":\"en-US\"}]}<\/script>\n<!-- \/ Yoast SEO plugin. -->","yoast_head_json":{"title":"Hinweisgebersystem - PK Rohstoffe","robots":{"index":"index","follow":"follow","max-snippet":"max-snippet:-1","max-image-preview":"max-image-preview:large","max-video-preview":"max-video-preview:-1"},"canonical":"https:\/\/pk-rohstoffe.de\/en\/hinweisgebersystem\/","og_locale":"en_US","og_type":"article","og_title":"Hinweisgebersystem - PK Rohstoffe","og_description":"Willkommen bei PK Rohstoffe Hinweisgebersystem Hinweisgebersystem Bei der PK Rohstoffe GmbH besteht die M\u00f6glichkeit, sich bei Verdacht oder Kenntnis von illegalem oder unethischem Handeln an ein internes, ausgelagertes und unabh\u00e4ngiges Hinweisgeberportal zu wenden und somit zur Aufdeckung von Regelverst\u00f6\u00dfen beizutragen. Die PK Rohstoffe GmbH ist Teil der Possehl Construction Group und nutzt das gruppenweit einheitliche [&hellip;]","og_url":"https:\/\/pk-rohstoffe.de\/en\/hinweisgebersystem\/","og_site_name":"PK Rohstoffe","article_modified_time":"2025-10-08T07:10:09+00:00","twitter_card":"summary_large_image","twitter_misc":{"Est. reading time":"3 minutes"},"schema":{"@context":"https:\/\/schema.org","@graph":[{"@type":"WebPage","@id":"https:\/\/pk-rohstoffe.de\/hinweisgebersystem\/","url":"https:\/\/pk-rohstoffe.de\/hinweisgebersystem\/","name":"Hinweisgebersystem - PK Rohstoffe","isPartOf":{"@id":"https:\/\/pk-rohstoffe.de\/#website"},"datePublished":"2025-10-01T12:37:37+00:00","dateModified":"2025-10-08T07:10:09+00:00","breadcrumb":{"@id":"https:\/\/pk-rohstoffe.de\/hinweisgebersystem\/#breadcrumb"},"inLanguage":"en-US","potentialAction":[{"@type":"ReadAction","target":["https:\/\/pk-rohstoffe.de\/hinweisgebersystem\/"]}]},{"@type":"BreadcrumbList","@id":"https:\/\/pk-rohstoffe.de\/hinweisgebersystem\/#breadcrumb","itemListElement":[{"@type":"ListItem","position":1,"name":"Home","item":"https:\/\/pk-rohstoffe.de\/"},{"@type":"ListItem","position":2,"name":"Hinweisgebersystem"}]},{"@type":"WebSite","@id":"https:\/\/pk-rohstoffe.de\/#website","url":"https:\/\/pk-rohstoffe.de\/","name":"PK Rohstoffe","description":"Industrieabf\u00e4lle umweltfreundlich verwerten","potentialAction":[{"@type":"SearchAction","target":{"@type":"EntryPoint","urlTemplate":"https:\/\/pk-rohstoffe.de\/?s={search_term_string}"},"query-input":{"@type":"PropertyValueSpecification","valueRequired":true,"valueName":"search_term_string"}}],"inLanguage":"en-US"}]}},"_links":{"self":[{"href":"https:\/\/pk-rohstoffe.de\/en\/wp-json\/wp\/v2\/pages\/972","targetHints":{"allow":["GET"]}}],"collection":[{"href":"https:\/\/pk-rohstoffe.de\/en\/wp-json\/wp\/v2\/pages"}],"about":[{"href":"https:\/\/pk-rohstoffe.de\/en\/wp-json\/wp\/v2\/types\/page"}],"author":[{"embeddable":true,"href":"https:\/\/pk-rohstoffe.de\/en\/wp-json\/wp\/v2\/users\/2"}],"replies":[{"embeddable":true,"href":"https:\/\/pk-rohstoffe.de\/en\/wp-json\/wp\/v2\/comments?post=972"}],"version-history":[{"count":10,"href":"https:\/\/pk-rohstoffe.de\/en\/wp-json\/wp\/v2\/pages\/972\/revisions"}],"predecessor-version":[{"id":987,"href":"https:\/\/pk-rohstoffe.de\/en\/wp-json\/wp\/v2\/pages\/972\/revisions\/987"}],"wp:attachment":[{"href":"https:\/\/pk-rohstoffe.de\/en\/wp-json\/wp\/v2\/media?parent=972"}],"curies":[{"name":"wp","href":"https:\/\/api.w.org\/{rel}","templated":true}]}}