{"id":712,"date":"2025-04-07T20:28:18","date_gmt":"2025-04-07T20:28:18","guid":{"rendered":"https:\/\/pk-rohstoffe.de\/?page_id=712"},"modified":"2025-04-08T13:08:04","modified_gmt":"2025-04-08T13:08:04","slug":"datenschutzerklaerung","status":"publish","type":"page","link":"https:\/\/pk-rohstoffe.de\/en\/datenschutzerklaerung\/","title":{"rendered":"Privacy policy"},"content":{"rendered":"<div data-elementor-type=\"wp-page\" data-elementor-id=\"712\" class=\"elementor elementor-712\">\n\t\t\t\t<div class=\"elementor-element elementor-element-9936125 e-flex e-con-boxed e-con e-parent\" data-id=\"9936125\" data-element_type=\"container\">\n\t\t\t\t\t<div class=\"e-con-inner\">\n\t\t\t\t<div class=\"elementor-element elementor-element-44b6808 elementor-widget elementor-widget-heading\" data-id=\"44b6808\" data-element_type=\"widget\" data-widget_type=\"heading.default\">\n\t\t\t\t<div class=\"elementor-widget-container\">\n\t\t\t\t\t<h2 class=\"elementor-heading-title elementor-size-default\">Privacy policy<\/h2>\t\t\t\t<\/div>\n\t\t\t\t<\/div>\n\t\t\t\t<div class=\"elementor-element elementor-element-22527be elementor-widget elementor-widget-text-editor\" data-id=\"22527be\" data-element_type=\"widget\" data-widget_type=\"text-editor.default\">\n\t\t\t\t<div class=\"elementor-widget-container\">\n\t\t\t\t\t\t\t\t\t<p><strong>Data protection information on the processing of your personal data and your data protection rights pursuant to Art. 13 GDPR can be found\u00a0<a href=\"https:\/\/pk-rohstoffe.de\/wp-content\/uploads\/2025\/04\/Infoblatt-Art13-DSGVO.pdf\" target=\"_blank\" rel=\"noopener\">here<\/a>.<br \/><br \/><\/strong><\/p><p>Personal data is processed when you use our website. In this text, we inform you which personal data we collect, how we process it and which data protection rights you are entitled to. We comply with the data protection regulations. We reserve the right to amend this privacy policy at any time to reflect changes in legislation or business processes.<\/p><p>Who is responsible for data processing on this website and who can I contact?<br \/>The controller responsible for data processing on this website is<\/p><p>PK Rohstoffe GmbH<br \/>Address: Krabbenkamp 5, 47138 Duisburg<br \/>Tel: (0203) 60 003 -30<br \/>Fax: (0203) 60 003 -88<br \/>E-Mail: info@pk-rohstoffe.de<br \/>Internet: www.pk-rohstoffe.de<\/p><p>For further information about PK Rohstoffe GmbH, please refer to the legal notice and the contents of this website. We process personal data in accordance with the provisions of the General Data Protection Regulation (GDPR) and other data protection regulations.<br \/>Datenschutzbeauftragter<br \/>Unser Unternehmen hat einen Datenschutzbeauftragten bestellt, mit folgenden Kontaktdaten:<\/p><p>Postalisch: Unsere Adresse, siehe oben, bitte mit dem Zusatz ?zu H\u00e4nden des Datenschutzbeauftragten?<br \/>E-Mail: datenschutz@pk-rohstoffe.de<br \/>Telefon: Bitte rufen Sie unsere zentrale Telefonnummer an, Sie werden dann von unserem Datenschutzbeauftragten zur\u00fcckgerufen oder erhalten die Telefondurchwahl.<br \/>Welche Quellen und Daten nutzen wir?<br \/>Wir verarbeiten personenbezogene Daten, die wir im Rahmen der Nutzung unserer Website von unseren Webseitenbesuchern (im Folgenden: ?Sie?) erhalten. Im Rahmen dieser Website haben Sie keine Pflicht zur Bereitstellung von Daten.<br \/>Erhebung und Verarbeitung von Serverlogfile-Daten<br \/>Wenn Sie unsere Website besuchen, erfolgt eine automatische Erhebung und Speicherung von Daten in so genannten Serverlogfiles (Protokolldaten) durch unseren Provider. Das von Ihnen f\u00fcr den Internetzugang verwendete Ger\u00e4t \u00fcbermittelt an uns automatisch folgende Daten:<\/p><p>IP-Adresse des von Ihnen f\u00fcr den Internetzugang verwendeten Ger\u00e4ts, Datum und Uhrzeit der Nutzung, Name der abgerufenen Datei, Informationen zum Betriebssystem des von Ihnen verwendeten Ger\u00e4ts und zum von Ihnen verwendeten Browser (Browsertyp und ?version), zuvor besuchte Website (Referrer URL), Name Ihres Internet-Access-Providers.<\/p><p>Zweck der Erhebung und Verarbeitung dieser Daten ist es, technisch den Verbindungsaufbau und die Nutzung unserer Webseiten zu erm\u00f6glichen. Weiterer Zweck ist es, die Sicherheit und Stabilit\u00e4t unseres Webseitenangebots zu gew\u00e4hrleisten, die technische Administration zu erm\u00f6glichen, und die Webbesuche zu internen statistischen Zwecken und zur Verbesserung unseres Internetangebots auszuwerten. Eine systematische \u00dcberpr\u00fcfung von Logfile-Daten (Protokolldaten) erfolgt nur dann, wenn aufgrund konkreter Anhaltspunkte der berechtigte Verdacht einer rechtswidrigen Nutzung besteht.<\/p><p>Datenschutzrechtliche Rechtsgrundlage daf\u00fcr ist Art. 6 Abs. 1 Buchstabe b DSGVO, weil die von Ihnen aufgerufenen Webseiten in unserem gemeinsamen Interesse angezeigt werden sollen, und Art. 6 Abs. 1 Buchstabe f DSGVO, weil die statistische Auswertung und die Kontrolle im Falle einer rechtswidrigen Nutzung ein berechtigtes Interesse darstellen. Sp\u00e4testens nach sieben Tagen werden diese Daten bei uns insoweit gel\u00f6scht, als sie einen Personenbezug erm\u00f6glichen k\u00f6nnten, sodass wir sp\u00e4testens ab diesem Zeitpunkt zur Webseitennutzung lediglich anonyme statistische Daten vorhalten.<br \/>Welche Funktion haben Hyperlinks auf unserer Website?<br \/>Zu Ihrer optimalen Information finden Sie auf unseren Seiten Links, die auf andere Internetseiten verweisen. Sofern Sie externe Links nutzen, erstreckt sich diese Datenschutzinformation nicht darauf. Informieren Sie sich bitte auf den Internetseiten der anderen Anbieter \u00fcber die dort bereitgestellten Datenschutzerkl\u00e4rungen. Wir haben keinen Einfluss auf die Einhaltung der Datenschutz- und Sicherheitsbestimmungen durch andere Anbieter oder Ver\u00e4nderungen der verlinkten Internetseiten. Zum Zeitpunkt der Link-Setzung waren uns keine Verst\u00f6\u00dfe gegen geltendes Recht auf den verlinkten Internetseiten bekannt. Falls Ihnen Rechtsverst\u00f6\u00dfe oder sonstige negative Merkmale bei verlinkten Internetseiten auffallen sollten, bitten wir um entsprechende Hinweise, um daraus Konsequenzen zu ziehen.<\/p><p>Die Rechtsgrundlage f\u00fcr dieses Angebot von Hyperlinks auf unserer Website ist Art. 6 Abs. 1 Buchstabe f DSGVO mit unserem berechtigten Interesse an einem nutzerfreundlichen Webseitenangebot. Im Zusammenhang mit dieser Anwendung werden von uns keine Daten gespeichert.<br \/>Werden von uns Ihre Daten an Dritte weitergegeben?<br \/>Eine Weitergabe Ihrer Daten an Dritte erfolgt nicht, au\u00dfer so wie es in dieser Datenschutzerkl\u00e4rung im einzelnen unter den anderen Aufz\u00e4hlungsnummern beschrieben ist, und mit den folgenden Ausnahmen:<br \/>&#8211; Eine Weitergabe an Dritte erfolgt, falls Sie dazu Ihre Einwilligung erteilt haben.<br \/>&#8211; Eine Weitergabe erfolgt an Beh\u00f6rden und \u00f6ffentliche Stellen falls wir durch eine Rechtsvorschrift dazu verpflichtet sind, und eine Weiterleitung erfolgt, soweit dies f\u00fcr uns f\u00fcr die Durchsetzung von Rechtsanspr\u00fcchen aus einem Vertragsverh\u00e4ltnis mit Ihnen erforderlich ist.<br \/>&#8211; Eine Weitergabe Ihrer Daten an Dritte erfolgt im Rahmen von Auftragsverarbeitung, soweit dies erforderlich ist, um eine sonst durch uns selbst ausgef\u00fchrte Dienstleistung oder Datenverarbeitungst\u00e4tigkeit durch einen oder mehrere von uns ausgew\u00e4hlte Vertragspartner erf\u00fcllen zu lassen. Diese arbeitsteilige \u00dcbertragung einzelner Aufgaben an andere Unternehmen dient der Effizienz, Schnelligkeit und Kosteng\u00fcnstigkeit unseres Leistungsportfolios. Wir setzen Auftragsverarbeiter aus folgenden Kategorien ein: Webprovider, IT-Dienstleister, Postdienstleister, Druckereidienstleister, Transportdienstleister, Telefondienstleister, Buchhaltungsdienstleister, Fachfirmen zur datenschutzgerechten Aktenvernichtung, externe Labore.<\/p><p>Rechtsgrundlage dieser Daten\u00fcbermittlungen:<br \/>Rechtsgrundlage ist Art. 6 Abs. 1 Buchstabe a, soweit Sie uns eine Einwilligung erteilt haben. Sie k\u00f6nnen Ihre Einwilligung jederzeit mit Wirkung f\u00fcr die Zukunft widerrufen, aber wir weisen darauf hin, dass wir uns vorbehalten, die Datenverarbeitung ganz oder teilweise fortzusetzen, falls neben der Einwilligung noch eine weitere Rechtsgrundlage f\u00fcr diese Datenverarbeitung gegeben ist.<\/p><p>Rechtsgrundlage f\u00fcr eine Datenweitergabe an Beh\u00f6rden oder \u00f6ffentliche Stellen ist Art. 6 Abs. 1 Buchstabe c DSGVO, denn dies erfolgt nur, soweit wir rechtlich dazu verpflichtet sind. Rechtsgrundlage f\u00fcr die arbeitsteilige \u00dcbertragung einzelner Aufgaben an andere Unternehmen ist Art. 6 Abs. 1 Buchstabe f DSGVO mit unserem berechtigten Interesse an Effizienz, Schnelligkeit und Kosteng\u00fcnstigkeit unseres Leistungsportfolios, in Verbindung mit Art. 28 DSGVO (Auftragsverarbeitung).<br \/>Welche Rechte k\u00f6nnen Sie geltend machen?<br \/>a) Recht auf Widerruf einer Einwilligung<br \/>Sie k\u00f6nnen jede uns erteilte Einwilligung in die Verarbeitung Ihrer personenbezogenen Daten jederzeit mit Wirkung f\u00fcr die Zukunft widerrufen, indem Sie uns eine entsprechende Nachricht schicken. Dies gilt auch f\u00fcr den Widerruf von Einwilligungserkl\u00e4rungen, die vor der Geltung der DSGVO, also vor dem 25. Mai 2018, uns gegen\u00fcber erteilt worden sind. Unsere Kontaktdaten f\u00fcr Ihren Widerruf finden Sie am Beginn dieser Datenschutzerkl\u00e4rung oder im Impressum. Bitte beachten Sie, dass der Widerruf erst f\u00fcr die Zukunft wirkt. Verarbeitungen, die vor dem Widerruf erfolgt sind, sind davon nicht betroffen. Wir weisen vorsorglich darauf hin, dass m\u00f6glicherweise auch nach Ihrem Widerruf einer Einwilligung ganz oder teilweise eine weitere Datenverarbeitung durch uns stattfindet, wenn es daf\u00fcr noch eine andere Rechtsgrundlage gibt.<br \/>b) Recht auf Auskunft, Berichtigung, L\u00f6schung und weitere Rechte<br \/>Jede betroffene Person hat das Recht auf Auskunft nach Artikel 15 DSGVO, das Recht auf Berichtigung nach Artikel 16 DSGVO, das Recht auf L\u00f6schung nach Artikel 17 DSGVO, das Recht auf Einschr\u00e4nkung der Verarbeitung nach Artikel 18 DSGVO, das Recht auf Widerspruch aus Artikel 21 DSGVO sowie das Recht auf Daten\u00fcbertragbarkeit aus Artikel 20 DSGVO. Beim Auskunftsrecht und beim L\u00f6schungsrecht gelten die Einschr\u00e4nkungen nach \u00a7\u00a7 34 und 35 BDSG. Hierzu sowie zu weiteren Fragen zum Thema personenbezogene Daten oder bei Beschwerden k\u00f6nnen Sie sich jederzeit an uns wenden, entweder an die Ihnen bekannten Ansprechpartner unseres Unternehmens, oder an unseren Datenschutzbeauftragten, die Kontaktdaten des Datenschutzbeauftragten finden Sie am Beginn dieser Datenschutzerkl\u00e4rung. Dar\u00fcber hinaus besteht ein Beschwerderecht bei einer zust\u00e4ndigen Datenschutzaufsichtsbeh\u00f6rde gem\u00e4\u00df Artikel 77 DSGVO i.V.m. \u00a7 19 BDSG, beispielsweise bei der Landesbeauftragten f\u00fcr Datenschutz und Informationsfreiheit LDI NRW, Kavalleriestr. 2 ? 4, 40213 D\u00fcsseldorf.<br \/>c) Informationen \u00fcber Ihr Widerspruchsrecht nach Artikel 21 DSGVO<br \/>Einzelfallbezogenes Widerspruchsrecht<br \/>Sie haben das Recht, aus Gr\u00fcnden, die sich aus Ihrer besonderen Situation ergeben, jederzeit gegen die Verarbeitung Sie betreffender personenbezogener Daten, die aufgrund von Artikel 6 Absatz 1 Buchstabe e DSGVO (Datenverarbeitung im \u00f6ffentlichen Interesse) und Artikel 6 Absatz 1 Buchstabe f DSGVO (Datenverarbeitung auf der Grundlage einer Interessenabw\u00e4gung) erfolgt, Widerspruch einzulegen; dies gilt auch f\u00fcr ein auf diese Bestimmung gest\u00fctztes Profiling im Sinne von Artikel 4 Nr. 4 DSGVO.<br \/>Legen Sie Widerspruch ein, werden wir Ihre personenbezogenen Daten nicht mehr verarbeiten, es sei denn, wir k\u00f6nnen zwingende berechtigte Gr\u00fcnde f\u00fcr die Verarbeitung nachweisen, die Ihre Interessen, Rechte und Freiheiten \u00fcberwiegen, oder die Verarbeitung dient der Geltendmachung, Aus\u00fcbung oder Verteidigung von Rechtsanspr\u00fcchen.<br \/>Widerspruchsrecht gegen eine Verarbeitung von Daten f\u00fcr Zwecke der Direktwerbung<br \/>In Einzelf\u00e4llen verarbeiten wir Ihre personenbezogenen Daten, um Direktwerbung zu betreiben. Sie haben das Recht, jederzeit Widerspruch gegen die Verarbeitung Sie betreffender personenbezogener Daten zum Zwecke derartiger Werbung einzulegen; dies gilt auch f\u00fcr ein eventuelles Profiling, soweit es mit solcher Direktwerbung in Verbindung steht. Widersprechen Sie der Verarbeitung f\u00fcr Zwecke der Direktwerbung, so werden wir Ihre personenbezogenen Daten nicht mehr f\u00fcr diese Zwecke verarbeiten.<br \/>Empf\u00e4nger eines Widerspruchs<br \/>Der Widerspruch kann formfrei mit dem Betreff ?Widerspruch? unter Angabe Ihres Namens und Ihrer Adresse an unsere Kontaktadresse erfolgen, diese finden Sie am Beginn dieser Datenschutzerkl\u00e4rung oder im Impressum.<br \/>SSL- bzw. TLS-Verschl\u00fcsselung<br \/>Diese Seite nutzt aus Sicherheitsgr\u00fcnden und zum Schutz der \u00dcbertragung vertraulicher Inhalte, wie zum Beispiel Bestellungen oder Anfragen, die Sie an uns als Seitenbetreiber senden, eine SSL-bzw. TLS-Verschl\u00fcsselung. Eine verschl\u00fcsselte Verbindung erkennen Sie daran, dass die Adresszeile des Browsers von ?http:\/\/? auf ?https:\/\/? wechselt und an dem Schloss-Symbol in Ihrer Browserzeile. Wenn die SSL- bzw. TLS-Verschl\u00fcsselung aktiviert ist, k\u00f6nnen die Daten, die Sie an uns \u00fcbermitteln, nicht von Dritten mitgelesen werden.<br \/>Cookies<br \/>Die Internetseiten verwenden teilweise so genannte Cookies. Cookies richten auf Ihrem Rechner keinen Schaden an und enthalten keine Viren. Cookies dienen dazu, unser Angebot nutzerfreundlicher, effektiver und sicherer zu machen. Cookies sind kleine Textdateien, die auf Ihrem Rechner abgelegt werden und die Ihr Browser speichert. Die meisten der von uns verwendeten Cookies sind so genannte ?Session-Cookies?. Sie werden nach Ende Ihres Besuchs automatisch gel\u00f6scht. Andere Cookies bleiben auf Ihrem Endger\u00e4t gespeichert bis Sie diese l\u00f6schen. Diese Cookies erm\u00f6glichen es uns, Ihren Browser beim n\u00e4chsten Besuch wiederzuerkennen. Sie k\u00f6nnen Ihren Browser so einstellen, dass Sie \u00fcber das Setzen von Cookies informiert werden und Cookies nur im Einzelfall erlauben, die Annahme von Cookies f\u00fcr bestimmte F\u00e4lle oder generell ausschlie\u00dfen sowie das automatische L\u00f6schen der Cookies beim Schlie\u00dfen des Browser aktivieren. Bei der Deaktivierung von Cookies kann die Funktionalit\u00e4t dieser Website eingeschr\u00e4nkt sein. Cookies, die zur Durchf\u00fchrung des elektronischen Kommunikationsvorgangs oder zur Bereitstellung bestimmter, von Ihnen erw\u00fcnschter Funktionen (z.B. Warenkorbfunktion) erforderlich sind, werden auf Grundlage von Art. 6 Abs. 1 lit. f DSGVO gespeichert. Der Websitebetreiber hat ein berechtigtes Interesse an der Speicherung von Cookies zur technisch fehlerfreien und optimierten Bereitstellung seiner Dienste. Soweit andere Cookies (z.B. Cookies zur Analyse Ihres Surfverhaltens) gespeichert werden, werden diese in dieser Datenschutzerkl\u00e4rung gesondert behandelt.<br \/>Wie k\u00f6nnen Sie weitere Informationen erhalten?<br \/>Wenn Sie weitere Informationen w\u00fcnschen, wenden Sie sich bitte an unseren Datenschutzbeauftragten. Dieser hilft Ihnen gerne weiter.<\/p><p><br \/>Stand dieser Datenschutzinformationen: Mai 2018<\/p><p><strong>\u00a0<\/strong><\/p>\t\t\t\t\t\t\t\t<\/div>\n\t\t\t\t<\/div>\n\t\t\t\t\t<\/div>\n\t\t\t\t<\/div>\n\t\t\t\t<\/div>","protected":false},"excerpt":{"rendered":"<p>Datenschutzerkl\u00e4rung Datenschutzinformation \u00fcber die Verarbeitung Ihrer personenbezogenen Daten und Ihrer Datenschutzrechte gem. Art. 13 DSGVO finden Sie\u00a0hier. Im Rahmen der Nutzung unserer Webseiten werden personenbezogene Daten verarbeitet. In diesem Text informieren wir Sie, welche personenbezogenen Daten wir erheben, wie wir diese verarbeiten, und welche Datenschutz-Rechte Ihnen dabei zustehen. Wir beachten die Vorschriften zum Datenschutz. Die [&hellip;]<\/p>","protected":false},"author":2,"featured_media":0,"parent":0,"menu_order":0,"comment_status":"closed","ping_status":"closed","template":"","meta":{"footnotes":""},"class_list":["post-712","page","type-page","status-publish","hentry"],"yoast_head":"<!-- This site is optimized with the Yoast SEO plugin v25.2 - https:\/\/yoast.com\/wordpress\/plugins\/seo\/ -->\n<title>Datenschutzerkl\u00e4rung - PK Rohstoffe<\/title>\n<meta name=\"robots\" content=\"index, follow, max-snippet:-1, max-image-preview:large, max-video-preview:-1\" \/>\n<link rel=\"canonical\" href=\"https:\/\/pk-rohstoffe.de\/en\/datenschutzerklaerung\/\" \/>\n<meta property=\"og:locale\" content=\"en_US\" \/>\n<meta property=\"og:type\" content=\"article\" \/>\n<meta property=\"og:title\" content=\"Datenschutzerkl\u00e4rung - PK Rohstoffe\" \/>\n<meta property=\"og:description\" content=\"Datenschutzerkl\u00e4rung Datenschutzinformation \u00fcber die Verarbeitung Ihrer personenbezogenen Daten und Ihrer Datenschutzrechte gem. Art. 13 DSGVO finden Sie\u00a0hier. Im Rahmen der Nutzung unserer Webseiten werden personenbezogene Daten verarbeitet. In diesem Text informieren wir Sie, welche personenbezogenen Daten wir erheben, wie wir diese verarbeiten, und welche Datenschutz-Rechte Ihnen dabei zustehen. Wir beachten die Vorschriften zum Datenschutz. Die [&hellip;]\" \/>\n<meta property=\"og:url\" content=\"https:\/\/pk-rohstoffe.de\/en\/datenschutzerklaerung\/\" \/>\n<meta property=\"og:site_name\" content=\"PK Rohstoffe\" \/>\n<meta property=\"article:modified_time\" content=\"2025-04-08T13:08:04+00:00\" \/>\n<meta name=\"twitter:card\" content=\"summary_large_image\" \/>\n<meta name=\"twitter:label1\" content=\"Est. reading time\" \/>\n\t<meta name=\"twitter:data1\" content=\"9 minutes\" \/>\n<script type=\"application\/ld+json\" class=\"yoast-schema-graph\">{\"@context\":\"https:\/\/schema.org\",\"@graph\":[{\"@type\":\"WebPage\",\"@id\":\"https:\/\/pk-rohstoffe.de\/datenschutzerklaerung\/\",\"url\":\"https:\/\/pk-rohstoffe.de\/datenschutzerklaerung\/\",\"name\":\"Datenschutzerkl\u00e4rung - PK Rohstoffe\",\"isPartOf\":{\"@id\":\"https:\/\/pk-rohstoffe.de\/#website\"},\"datePublished\":\"2025-04-07T20:28:18+00:00\",\"dateModified\":\"2025-04-08T13:08:04+00:00\",\"breadcrumb\":{\"@id\":\"https:\/\/pk-rohstoffe.de\/datenschutzerklaerung\/#breadcrumb\"},\"inLanguage\":\"en-US\",\"potentialAction\":[{\"@type\":\"ReadAction\",\"target\":[\"https:\/\/pk-rohstoffe.de\/datenschutzerklaerung\/\"]}]},{\"@type\":\"BreadcrumbList\",\"@id\":\"https:\/\/pk-rohstoffe.de\/datenschutzerklaerung\/#breadcrumb\",\"itemListElement\":[{\"@type\":\"ListItem\",\"position\":1,\"name\":\"Home\",\"item\":\"https:\/\/pk-rohstoffe.de\/\"},{\"@type\":\"ListItem\",\"position\":2,\"name\":\"Datenschutzerkl\u00e4rung\"}]},{\"@type\":\"WebSite\",\"@id\":\"https:\/\/pk-rohstoffe.de\/#website\",\"url\":\"https:\/\/pk-rohstoffe.de\/\",\"name\":\"PK Rohstoffe\",\"description\":\"Industrieabf\u00e4lle umweltfreundlich verwerten\",\"potentialAction\":[{\"@type\":\"SearchAction\",\"target\":{\"@type\":\"EntryPoint\",\"urlTemplate\":\"https:\/\/pk-rohstoffe.de\/?s={search_term_string}\"},\"query-input\":{\"@type\":\"PropertyValueSpecification\",\"valueRequired\":true,\"valueName\":\"search_term_string\"}}],\"inLanguage\":\"en-US\"}]}<\/script>\n<!-- \/ Yoast SEO plugin. -->","yoast_head_json":{"title":"Datenschutzerkl\u00e4rung - PK Rohstoffe","robots":{"index":"index","follow":"follow","max-snippet":"max-snippet:-1","max-image-preview":"max-image-preview:large","max-video-preview":"max-video-preview:-1"},"canonical":"https:\/\/pk-rohstoffe.de\/en\/datenschutzerklaerung\/","og_locale":"en_US","og_type":"article","og_title":"Datenschutzerkl\u00e4rung - PK Rohstoffe","og_description":"Datenschutzerkl\u00e4rung Datenschutzinformation \u00fcber die Verarbeitung Ihrer personenbezogenen Daten und Ihrer Datenschutzrechte gem. Art. 13 DSGVO finden Sie\u00a0hier. Im Rahmen der Nutzung unserer Webseiten werden personenbezogene Daten verarbeitet. In diesem Text informieren wir Sie, welche personenbezogenen Daten wir erheben, wie wir diese verarbeiten, und welche Datenschutz-Rechte Ihnen dabei zustehen. Wir beachten die Vorschriften zum Datenschutz. Die [&hellip;]","og_url":"https:\/\/pk-rohstoffe.de\/en\/datenschutzerklaerung\/","og_site_name":"PK Rohstoffe","article_modified_time":"2025-04-08T13:08:04+00:00","twitter_card":"summary_large_image","twitter_misc":{"Est. reading time":"9 minutes"},"schema":{"@context":"https:\/\/schema.org","@graph":[{"@type":"WebPage","@id":"https:\/\/pk-rohstoffe.de\/datenschutzerklaerung\/","url":"https:\/\/pk-rohstoffe.de\/datenschutzerklaerung\/","name":"Datenschutzerkl\u00e4rung - PK Rohstoffe","isPartOf":{"@id":"https:\/\/pk-rohstoffe.de\/#website"},"datePublished":"2025-04-07T20:28:18+00:00","dateModified":"2025-04-08T13:08:04+00:00","breadcrumb":{"@id":"https:\/\/pk-rohstoffe.de\/datenschutzerklaerung\/#breadcrumb"},"inLanguage":"en-US","potentialAction":[{"@type":"ReadAction","target":["https:\/\/pk-rohstoffe.de\/datenschutzerklaerung\/"]}]},{"@type":"BreadcrumbList","@id":"https:\/\/pk-rohstoffe.de\/datenschutzerklaerung\/#breadcrumb","itemListElement":[{"@type":"ListItem","position":1,"name":"Home","item":"https:\/\/pk-rohstoffe.de\/"},{"@type":"ListItem","position":2,"name":"Datenschutzerkl\u00e4rung"}]},{"@type":"WebSite","@id":"https:\/\/pk-rohstoffe.de\/#website","url":"https:\/\/pk-rohstoffe.de\/","name":"PK Rohstoffe","description":"Industrieabf\u00e4lle umweltfreundlich verwerten","potentialAction":[{"@type":"SearchAction","target":{"@type":"EntryPoint","urlTemplate":"https:\/\/pk-rohstoffe.de\/?s={search_term_string}"},"query-input":{"@type":"PropertyValueSpecification","valueRequired":true,"valueName":"search_term_string"}}],"inLanguage":"en-US"}]}},"_links":{"self":[{"href":"https:\/\/pk-rohstoffe.de\/en\/wp-json\/wp\/v2\/pages\/712","targetHints":{"allow":["GET"]}}],"collection":[{"href":"https:\/\/pk-rohstoffe.de\/en\/wp-json\/wp\/v2\/pages"}],"about":[{"href":"https:\/\/pk-rohstoffe.de\/en\/wp-json\/wp\/v2\/types\/page"}],"author":[{"embeddable":true,"href":"https:\/\/pk-rohstoffe.de\/en\/wp-json\/wp\/v2\/users\/2"}],"replies":[{"embeddable":true,"href":"https:\/\/pk-rohstoffe.de\/en\/wp-json\/wp\/v2\/comments?post=712"}],"version-history":[{"count":3,"href":"https:\/\/pk-rohstoffe.de\/en\/wp-json\/wp\/v2\/pages\/712\/revisions"}],"predecessor-version":[{"id":725,"href":"https:\/\/pk-rohstoffe.de\/en\/wp-json\/wp\/v2\/pages\/712\/revisions\/725"}],"wp:attachment":[{"href":"https:\/\/pk-rohstoffe.de\/en\/wp-json\/wp\/v2\/media?parent=712"}],"curies":[{"name":"wp","href":"https:\/\/api.w.org\/{rel}","templated":true}]}}