{"id":697,"date":"2025-04-07T20:07:27","date_gmt":"2025-04-07T20:07:27","guid":{"rendered":"https:\/\/pk-rohstoffe.de\/?page_id=697"},"modified":"2025-04-08T13:03:24","modified_gmt":"2025-04-08T13:03:24","slug":"compliance","status":"publish","type":"page","link":"https:\/\/pk-rohstoffe.de\/en\/compliance\/","title":{"rendered":"Compliance"},"content":{"rendered":"<div data-elementor-type=\"wp-page\" data-elementor-id=\"697\" class=\"elementor elementor-697\">\n\t\t\t\t<div class=\"elementor-element elementor-element-9936125 e-flex e-con-boxed e-con e-parent\" data-id=\"9936125\" data-element_type=\"container\">\n\t\t\t\t\t<div class=\"e-con-inner\">\n\t\t\t\t<div class=\"elementor-element elementor-element-44b6808 elementor-widget elementor-widget-heading\" data-id=\"44b6808\" data-element_type=\"widget\" data-widget_type=\"heading.default\">\n\t\t\t\t<div class=\"elementor-widget-container\">\n\t\t\t\t\t<h2 class=\"elementor-heading-title elementor-size-default\">Compliance<\/h2>\t\t\t\t<\/div>\n\t\t\t\t<\/div>\n\t\t\t\t<div class=\"elementor-element elementor-element-22527be elementor-widget elementor-widget-text-editor\" data-id=\"22527be\" data-element_type=\"widget\" data-widget_type=\"text-editor.default\">\n\t\t\t\t<div class=\"elementor-widget-container\">\n\t\t\t\t\t\t\t\t\t<p><strong>Code of Conduct<br \/><\/strong>Our Code of Conduct formulates our basic understanding of responsible, legally compliant behavior and thus forms the foundation for a healthy corporate culture and long-term, sustainable corporate success.<\/p><p>Our stakeholders such as employees, customers and clients, suppliers and subcontractors, shareholders and the public expect us - PK Rohstoffe - to comply with applicable laws and guidelines, respect ethical principles and act sustainably at all times and in all places.<\/p><p><strong>Whistleblower system<br \/><\/strong>At PK Rohstoffe, it is possible to contact an internal, outsourced and independent whistleblower portal in the event of suspicion or knowledge of illegal or unethical behavior and thus contribute to the detection of breaches of regulations.\u00a0<\/p><p>Misconduct by employees in our group of companies as well as our suppliers and service providers can be reported with regard to possible violations of the law or acts damaging to the company, such as corruption, bribery, fraud, other criminal acts, child labor, slavery, lack of occupational safety, exploitation and discrimination.\u00a0<\/p><p>Whistleblowers do not suffer any disadvantage as a result of reporting. Reports can be made in German and English. Reports can also be made anonymously if desired.<\/p><p>WhistleFox whistleblower portal<\/p><p>If you have concrete, well-founded indications of legal infringements or violations of rules at PK Rohstoffe or suspect such, you have the following options for contacting us:<\/p><p>per Webformular:<\/p><p><a href=\"https:\/\/whistlefox.heuking.de\/start\/possehl-spezialbau-gmbh\/de\/\" target=\"_blank\" rel=\"noopener\">https:\/\/whistlefox.heuking.de\/start\/possehl-spezialbau-gmbh\/de\/<\/a><br \/><a href=\"https:\/\/whistlefox.heuking.de\/start\/possehl-spezialbau-gmbh\/en\/\" target=\"_blank\" rel=\"noopener\">https:\/\/whistlefox.heuking.de\/start\/possehl-spezialbau-gmbh\/en\/<\/a><\/p><p>by telephone: +49 221 2052-547<br \/>by fax: +49 221 2052-1<\/p><p>per EMail: <a href=\"mailto:c.schork@heuking.de\">c.schork@heuking.de<\/a><\/p><p>The confidential reporting office (WhistleFox) can be contacted around the clock by web form, e-mail, fax or post and by telephone during normal office hours on weekdays.<\/p><p>Please contact Dr. Christoph Schork, attorney at law.\u00a0<\/p><p>Heuking K\u00fchn L\u00fcer Wojtek<\/p><p>Attn: Dr. Christoph Schork<\/p><p>Magnusstra\u00dfe 13<\/p><p>D-50672 K\u00f6ln<\/p><p>It is also possible to report to external official reporting offices. These are, for example<\/p><p>- the Confederation's external reporting office at the Federal Office of Justice;<br \/>- external reporting offices of the respective federal state;<br \/>- specifically responsible external reporting offices, e.g. the Federal Cartel Office.<\/p><p>Please note that the whistleblower system is not intended for complaints. If you are dissatisfied with the products or services of PK Rohstoffe, please get in touch with your contact person at the company.\u00a0<\/p><p>For information in accordance with the Supply Chain Duty of Care Act, you will find further procedural information here:\u00a0<a href=\"https:\/\/www.possehl-spezialbau.de\/unternehmen\/compliance\/\" target=\"_blank\" rel=\"noopener\">https:\/\/www.possehl-spezialbau.de\/unternehmen\/compliance\/<\/a><\/p>\t\t\t\t\t\t\t\t<\/div>\n\t\t\t\t<\/div>\n\t\t\t\t<div class=\"elementor-element elementor-element-b178eeb elementor-align-left elementor-widget__width-initial elementor-widget elementor-widget-button\" data-id=\"b178eeb\" data-element_type=\"widget\" data-widget_type=\"button.default\">\n\t\t\t\t<div class=\"elementor-widget-container\">\n\t\t\t\t\t\t\t\t\t<div class=\"elementor-button-wrapper\">\n\t\t\t\t\t<a class=\"elementor-button elementor-button-link elementor-size-sm\" href=\"https:\/\/pk-rohstoffe.de\/wp-content\/uploads\/2025\/04\/20230807114145_20230331-grundsatzerklaerung-deutsch.pdf\" target=\"_blank\">\n\t\t\t\t\t\t<span class=\"elementor-button-content-wrapper\">\n\t\t\t\t\t\t\t\t\t<span class=\"elementor-button-text\">Declaration of principle<\/span>\n\t\t\t\t\t<\/span>\n\t\t\t\t\t<\/a>\n\t\t\t\t<\/div>\n\t\t\t\t\t\t\t\t<\/div>\n\t\t\t\t<\/div>\n\t\t\t\t<div class=\"elementor-element elementor-element-cdf01a7 elementor-align-left elementor-widget__width-initial elementor-widget elementor-widget-button\" data-id=\"cdf01a7\" data-element_type=\"widget\" data-widget_type=\"button.default\">\n\t\t\t\t<div class=\"elementor-widget-container\">\n\t\t\t\t\t\t\t\t\t<div class=\"elementor-button-wrapper\">\n\t\t\t\t\t<a class=\"elementor-button elementor-button-link elementor-size-sm\" href=\"https:\/\/pk-rohstoffe.de\/wp-content\/uploads\/2025\/04\/20230807114233_2023-lp-possehl-supplier-code-of-conduct-deutsch-final.pdf\" target=\"_blank\">\n\t\t\t\t\t\t<span class=\"elementor-button-content-wrapper\">\n\t\t\t\t\t\t\t\t\t<span class=\"elementor-button-text\">Supplier Code of Conduct<\/span>\n\t\t\t\t\t<\/span>\n\t\t\t\t\t<\/a>\n\t\t\t\t<\/div>\n\t\t\t\t\t\t\t\t<\/div>\n\t\t\t\t<\/div>\n\t\t\t\t<div class=\"elementor-element elementor-element-d684f1b elementor-align-left elementor-widget__width-initial elementor-widget elementor-widget-button\" data-id=\"d684f1b\" data-element_type=\"widget\" data-widget_type=\"button.default\">\n\t\t\t\t<div class=\"elementor-widget-container\">\n\t\t\t\t\t\t\t\t\t<div class=\"elementor-button-wrapper\">\n\t\t\t\t\t<a class=\"elementor-button elementor-button-link elementor-size-sm\" href=\"https:\/\/pk-rohstoffe.de\/wp-content\/uploads\/2025\/04\/20230807114253_possehl-verhaltenskodex.pdf\" target=\"_blank\">\n\t\t\t\t\t\t<span class=\"elementor-button-content-wrapper\">\n\t\t\t\t\t\t\t\t\t<span class=\"elementor-button-text\">Code of Conduct<\/span>\n\t\t\t\t\t<\/span>\n\t\t\t\t\t<\/a>\n\t\t\t\t<\/div>\n\t\t\t\t\t\t\t\t<\/div>\n\t\t\t\t<\/div>\n\t\t\t\t\t<\/div>\n\t\t\t\t<\/div>\n\t\t\t\t<\/div>","protected":false},"excerpt":{"rendered":"<p>Compliance VerhaltenskodexUnser Verhaltenskodex formuliert unser Grundverst\u00e4ndnis f\u00fcr verantwortungsbewusstes gesetzeskonformes Verhalten und bildet damit das Fundament f\u00fcr eine gesunde Unternehmenskultur und einen langfristigen und nachhaltigen Unternehmenserfolg. Unsere Stakeholder wie Mitarbeiter, Kunden und Auftraggeber, Lieferanten und Nachunternehmer, Gesellschafter und die \u00d6ffentlichkeit erwarten, dass wir &#8211; die PK Rohstoffe &#8211; uns jederzeit und \u00fcberall an geltende Gesetze und [&hellip;]<\/p>","protected":false},"author":2,"featured_media":0,"parent":0,"menu_order":0,"comment_status":"closed","ping_status":"closed","template":"","meta":{"footnotes":""},"class_list":["post-697","page","type-page","status-publish","hentry"],"yoast_head":"<!-- This site is optimized with the Yoast SEO plugin v25.2 - https:\/\/yoast.com\/wordpress\/plugins\/seo\/ -->\n<title>Compliance - PK Rohstoffe<\/title>\n<meta name=\"robots\" content=\"index, follow, max-snippet:-1, max-image-preview:large, max-video-preview:-1\" \/>\n<link rel=\"canonical\" href=\"https:\/\/pk-rohstoffe.de\/en\/compliance\/\" \/>\n<meta property=\"og:locale\" content=\"en_US\" \/>\n<meta property=\"og:type\" content=\"article\" \/>\n<meta property=\"og:title\" content=\"Compliance - PK Rohstoffe\" \/>\n<meta property=\"og:description\" content=\"Compliance VerhaltenskodexUnser Verhaltenskodex formuliert unser Grundverst\u00e4ndnis f\u00fcr verantwortungsbewusstes gesetzeskonformes Verhalten und bildet damit das Fundament f\u00fcr eine gesunde Unternehmenskultur und einen langfristigen und nachhaltigen Unternehmenserfolg. Unsere Stakeholder wie Mitarbeiter, Kunden und Auftraggeber, Lieferanten und Nachunternehmer, Gesellschafter und die \u00d6ffentlichkeit erwarten, dass wir &#8211; die PK Rohstoffe &#8211; uns jederzeit und \u00fcberall an geltende Gesetze und [&hellip;]\" \/>\n<meta property=\"og:url\" content=\"https:\/\/pk-rohstoffe.de\/en\/compliance\/\" \/>\n<meta property=\"og:site_name\" content=\"PK Rohstoffe\" \/>\n<meta property=\"article:modified_time\" content=\"2025-04-08T13:03:24+00:00\" \/>\n<meta name=\"twitter:card\" content=\"summary_large_image\" \/>\n<meta name=\"twitter:label1\" content=\"Est. reading time\" \/>\n\t<meta name=\"twitter:data1\" content=\"2 minutes\" \/>\n<script type=\"application\/ld+json\" class=\"yoast-schema-graph\">{\"@context\":\"https:\/\/schema.org\",\"@graph\":[{\"@type\":\"WebPage\",\"@id\":\"https:\/\/pk-rohstoffe.de\/compliance\/\",\"url\":\"https:\/\/pk-rohstoffe.de\/compliance\/\",\"name\":\"Compliance - PK Rohstoffe\",\"isPartOf\":{\"@id\":\"https:\/\/pk-rohstoffe.de\/#website\"},\"datePublished\":\"2025-04-07T20:07:27+00:00\",\"dateModified\":\"2025-04-08T13:03:24+00:00\",\"breadcrumb\":{\"@id\":\"https:\/\/pk-rohstoffe.de\/compliance\/#breadcrumb\"},\"inLanguage\":\"en-US\",\"potentialAction\":[{\"@type\":\"ReadAction\",\"target\":[\"https:\/\/pk-rohstoffe.de\/compliance\/\"]}]},{\"@type\":\"BreadcrumbList\",\"@id\":\"https:\/\/pk-rohstoffe.de\/compliance\/#breadcrumb\",\"itemListElement\":[{\"@type\":\"ListItem\",\"position\":1,\"name\":\"Home\",\"item\":\"https:\/\/pk-rohstoffe.de\/\"},{\"@type\":\"ListItem\",\"position\":2,\"name\":\"Compliance\"}]},{\"@type\":\"WebSite\",\"@id\":\"https:\/\/pk-rohstoffe.de\/#website\",\"url\":\"https:\/\/pk-rohstoffe.de\/\",\"name\":\"PK Rohstoffe\",\"description\":\"Industrieabf\u00e4lle umweltfreundlich verwerten\",\"potentialAction\":[{\"@type\":\"SearchAction\",\"target\":{\"@type\":\"EntryPoint\",\"urlTemplate\":\"https:\/\/pk-rohstoffe.de\/?s={search_term_string}\"},\"query-input\":{\"@type\":\"PropertyValueSpecification\",\"valueRequired\":true,\"valueName\":\"search_term_string\"}}],\"inLanguage\":\"en-US\"}]}<\/script>\n<!-- \/ Yoast SEO plugin. -->","yoast_head_json":{"title":"Compliance - PK Rohstoffe","robots":{"index":"index","follow":"follow","max-snippet":"max-snippet:-1","max-image-preview":"max-image-preview:large","max-video-preview":"max-video-preview:-1"},"canonical":"https:\/\/pk-rohstoffe.de\/en\/compliance\/","og_locale":"en_US","og_type":"article","og_title":"Compliance - PK Rohstoffe","og_description":"Compliance VerhaltenskodexUnser Verhaltenskodex formuliert unser Grundverst\u00e4ndnis f\u00fcr verantwortungsbewusstes gesetzeskonformes Verhalten und bildet damit das Fundament f\u00fcr eine gesunde Unternehmenskultur und einen langfristigen und nachhaltigen Unternehmenserfolg. Unsere Stakeholder wie Mitarbeiter, Kunden und Auftraggeber, Lieferanten und Nachunternehmer, Gesellschafter und die \u00d6ffentlichkeit erwarten, dass wir &#8211; die PK Rohstoffe &#8211; uns jederzeit und \u00fcberall an geltende Gesetze und [&hellip;]","og_url":"https:\/\/pk-rohstoffe.de\/en\/compliance\/","og_site_name":"PK Rohstoffe","article_modified_time":"2025-04-08T13:03:24+00:00","twitter_card":"summary_large_image","twitter_misc":{"Est. reading time":"2 minutes"},"schema":{"@context":"https:\/\/schema.org","@graph":[{"@type":"WebPage","@id":"https:\/\/pk-rohstoffe.de\/compliance\/","url":"https:\/\/pk-rohstoffe.de\/compliance\/","name":"Compliance - PK Rohstoffe","isPartOf":{"@id":"https:\/\/pk-rohstoffe.de\/#website"},"datePublished":"2025-04-07T20:07:27+00:00","dateModified":"2025-04-08T13:03:24+00:00","breadcrumb":{"@id":"https:\/\/pk-rohstoffe.de\/compliance\/#breadcrumb"},"inLanguage":"en-US","potentialAction":[{"@type":"ReadAction","target":["https:\/\/pk-rohstoffe.de\/compliance\/"]}]},{"@type":"BreadcrumbList","@id":"https:\/\/pk-rohstoffe.de\/compliance\/#breadcrumb","itemListElement":[{"@type":"ListItem","position":1,"name":"Home","item":"https:\/\/pk-rohstoffe.de\/"},{"@type":"ListItem","position":2,"name":"Compliance"}]},{"@type":"WebSite","@id":"https:\/\/pk-rohstoffe.de\/#website","url":"https:\/\/pk-rohstoffe.de\/","name":"PK Rohstoffe","description":"Industrieabf\u00e4lle umweltfreundlich verwerten","potentialAction":[{"@type":"SearchAction","target":{"@type":"EntryPoint","urlTemplate":"https:\/\/pk-rohstoffe.de\/?s={search_term_string}"},"query-input":{"@type":"PropertyValueSpecification","valueRequired":true,"valueName":"search_term_string"}}],"inLanguage":"en-US"}]}},"_links":{"self":[{"href":"https:\/\/pk-rohstoffe.de\/en\/wp-json\/wp\/v2\/pages\/697","targetHints":{"allow":["GET"]}}],"collection":[{"href":"https:\/\/pk-rohstoffe.de\/en\/wp-json\/wp\/v2\/pages"}],"about":[{"href":"https:\/\/pk-rohstoffe.de\/en\/wp-json\/wp\/v2\/types\/page"}],"author":[{"embeddable":true,"href":"https:\/\/pk-rohstoffe.de\/en\/wp-json\/wp\/v2\/users\/2"}],"replies":[{"embeddable":true,"href":"https:\/\/pk-rohstoffe.de\/en\/wp-json\/wp\/v2\/comments?post=697"}],"version-history":[{"count":7,"href":"https:\/\/pk-rohstoffe.de\/en\/wp-json\/wp\/v2\/pages\/697\/revisions"}],"predecessor-version":[{"id":716,"href":"https:\/\/pk-rohstoffe.de\/en\/wp-json\/wp\/v2\/pages\/697\/revisions\/716"}],"wp:attachment":[{"href":"https:\/\/pk-rohstoffe.de\/en\/wp-json\/wp\/v2\/media?parent=697"}],"curies":[{"name":"wp","href":"https:\/\/api.w.org\/{rel}","templated":true}]}}