{"id":503,"date":"2025-03-30T13:26:14","date_gmt":"2025-03-30T13:26:14","guid":{"rendered":"https:\/\/pk-rohstoffe.de\/?page_id=503"},"modified":"2026-02-06T11:44:27","modified_gmt":"2026-02-06T11:44:27","slug":"downloads","status":"publish","type":"page","link":"https:\/\/pk-rohstoffe.de\/en\/downloads\/","title":{"rendered":"Downloads"},"content":{"rendered":"<div data-elementor-type=\"wp-post\" data-elementor-id=\"503\" class=\"elementor elementor-503\">\n\t\t\t\t<div class=\"elementor-element elementor-element-6ff2edd4 e-flex e-con-boxed e-con e-parent\" data-id=\"6ff2edd4\" data-element_type=\"container\" data-settings=\"{&quot;background_background&quot;:&quot;classic&quot;}\">\n\t\t\t\t\t<div class=\"e-con-inner\">\n\t\t<div class=\"elementor-element elementor-element-e6e51cd e-flex e-con-boxed e-con e-child\" data-id=\"e6e51cd\" data-element_type=\"container\">\n\t\t\t\t\t<div class=\"e-con-inner\">\n\t\t\t\t<div class=\"elementor-element elementor-element-4e86d9de elementor-widget elementor-widget-heading\" data-id=\"4e86d9de\" data-element_type=\"widget\" data-widget_type=\"heading.default\">\n\t\t\t\t<div class=\"elementor-widget-container\">\n\t\t\t\t\t<h6 class=\"elementor-heading-title elementor-size-default\">Welcome to\nPK Rohstoffe<\/h6>\t\t\t\t<\/div>\n\t\t\t\t<\/div>\n\t\t\t\t<div class=\"elementor-element elementor-element-61daf72 elementor-widget elementor-widget-heading\" data-id=\"61daf72\" data-element_type=\"widget\" data-widget_type=\"heading.default\">\n\t\t\t\t<div class=\"elementor-widget-container\">\n\t\t\t\t\t<h1 class=\"elementor-heading-title elementor-size-default\">Downloads<\/h1>\t\t\t\t<\/div>\n\t\t\t\t<\/div>\n\t\t\t\t<div class=\"elementor-element elementor-element-6dc5b5c3 elementor-widget elementor-widget-text-editor\" data-id=\"6dc5b5c3\" data-element_type=\"widget\" data-widget_type=\"text-editor.default\">\n\t\t\t\t<div class=\"elementor-widget-container\">\n\t\t\t\t\t\t\t\t\t<p>We have made various documents available for you to download here.<\/p>\t\t\t\t\t\t\t\t<\/div>\n\t\t\t\t<\/div>\n\t\t\t\t\t<\/div>\n\t\t\t\t<\/div>\n\t\t\t\t\t<\/div>\n\t\t\t\t<\/div>\n\t\t<div class=\"elementor-element elementor-element-af94459 e-flex e-con-boxed e-con e-parent\" data-id=\"af94459\" data-element_type=\"container\" data-settings=\"{&quot;background_background&quot;:&quot;classic&quot;}\">\n\t\t\t\t\t<div class=\"e-con-inner\">\n\t\t<div class=\"elementor-element elementor-element-94a220c e-flex e-con-boxed e-con e-child\" data-id=\"94a220c\" data-element_type=\"container\">\n\t\t\t\t\t<div class=\"e-con-inner\">\n\t\t\t\t<div class=\"elementor-element elementor-element-5a63154 elementor-widget elementor-widget-heading\" data-id=\"5a63154\" data-element_type=\"widget\" data-settings=\"{&quot;_animation&quot;:&quot;none&quot;,&quot;_animation_delay&quot;:200}\" data-widget_type=\"heading.default\">\n\t\t\t\t<div class=\"elementor-widget-container\">\n\t\t\t\t\t<h1 class=\"elementor-heading-title elementor-size-default\">Brochures<\/h1>\t\t\t\t<\/div>\n\t\t\t\t<\/div>\n\t\t\t\t<div class=\"elementor-element elementor-element-e321e1e elementor-widget elementor-widget-text-editor\" data-id=\"e321e1e\" data-element_type=\"widget\" data-widget_type=\"text-editor.default\">\n\t\t\t\t<div class=\"elementor-widget-container\">\n\t\t\t\t\t\t\t\t\t<p>Our work processes meet the applicable quality standards. Take a look at our certificates:<\/p>\t\t\t\t\t\t\t\t<\/div>\n\t\t\t\t<\/div>\n\t\t<div class=\"elementor-element elementor-element-2e85012 e-con-full e-flex e-con e-child\" data-id=\"2e85012\" data-element_type=\"container\">\n\t\t\t\t<div class=\"elementor-element elementor-element-152f88a elementor-align-justify elementor-widget__width-initial elementor-widget elementor-widget-button\" data-id=\"152f88a\" data-element_type=\"widget\" data-widget_type=\"button.default\">\n\t\t\t\t<div class=\"elementor-widget-container\">\n\t\t\t\t\t\t\t\t\t<div class=\"elementor-button-wrapper\">\n\t\t\t\t\t<a class=\"elementor-button elementor-button-link elementor-size-md\" href=\"https:\/\/pk-rohstoffe.de\/wp-content\/uploads\/2025\/03\/20161215091955_35213-pk-rohstoffe-web.pdf\" target=\"_blank\">\n\t\t\t\t\t\t<span class=\"elementor-button-content-wrapper\">\n\t\t\t\t\t\t\t\t\t<span class=\"elementor-button-text\"> \t\t\t\t\t\t\t\t\t\t\tCompany brochure (PDF)                                        <\/span>\n\t\t\t\t\t<\/span>\n\t\t\t\t\t<\/a>\n\t\t\t\t<\/div>\n\t\t\t\t\t\t\t\t<\/div>\n\t\t\t\t<\/div>\n\t\t\t\t<\/div>\n\t\t\t\t\t<\/div>\n\t\t\t\t<\/div>\n\t\t\t\t\t<\/div>\n\t\t\t\t<\/div>\n\t\t<div class=\"elementor-element elementor-element-39c47e3 e-flex e-con-boxed e-con e-parent\" data-id=\"39c47e3\" data-element_type=\"container\" data-settings=\"{&quot;background_background&quot;:&quot;classic&quot;}\">\n\t\t\t\t\t<div class=\"e-con-inner\">\n\t\t<div class=\"elementor-element elementor-element-d66e964 e-flex e-con-boxed e-con e-child\" data-id=\"d66e964\" data-element_type=\"container\">\n\t\t\t\t\t<div class=\"e-con-inner\">\n\t\t\t\t<div class=\"elementor-element elementor-element-9267b8f elementor-widget elementor-widget-heading\" data-id=\"9267b8f\" data-element_type=\"widget\" data-settings=\"{&quot;_animation&quot;:&quot;none&quot;,&quot;_animation_delay&quot;:200}\" data-widget_type=\"heading.default\">\n\t\t\t\t<div class=\"elementor-widget-container\">\n\t\t\t\t\t<h1 class=\"elementor-heading-title elementor-size-default\">Certificates<\/h1>\t\t\t\t<\/div>\n\t\t\t\t<\/div>\n\t\t\t\t<div class=\"elementor-element elementor-element-d576392 elementor-widget elementor-widget-text-editor\" data-id=\"d576392\" data-element_type=\"widget\" data-widget_type=\"text-editor.default\">\n\t\t\t\t<div class=\"elementor-widget-container\">\n\t\t\t\t\t\t\t\t\t<p>Our work processes meet the applicable quality standards. Take a look at our certificates:<\/p>\t\t\t\t\t\t\t\t<\/div>\n\t\t\t\t<\/div>\n\t\t<div class=\"elementor-element elementor-element-17c12ea e-con-full e-flex e-con e-child\" data-id=\"17c12ea\" data-element_type=\"container\">\n\t\t\t\t<div class=\"elementor-element elementor-element-58cddd3 elementor-align-justify elementor-widget__width-initial elementor-widget elementor-widget-button\" data-id=\"58cddd3\" data-element_type=\"widget\" data-widget_type=\"button.default\">\n\t\t\t\t<div class=\"elementor-widget-container\">\n\t\t\t\t\t\t\t\t\t<div class=\"elementor-button-wrapper\">\n\t\t\t\t\t<a class=\"elementor-button elementor-button-link elementor-size-md\" href=\"https:\/\/pk-rohstoffe.de\/wp-content\/uploads\/2026\/02\/EFB-Zertifikat-2026-PK-Rohstoffe-GmbH-unterschrieben.pdf\" target=\"_blank\">\n\t\t\t\t\t\t<span class=\"elementor-button-content-wrapper\">\n\t\t\t\t\t\t\t\t\t<span class=\"elementor-button-text\"> \t\t\t\t\t\t\t\t\t\t\tT\u00dcV certificate (PDF) Waste management company                                        <\/span>\n\t\t\t\t\t<\/span>\n\t\t\t\t\t<\/a>\n\t\t\t\t<\/div>\n\t\t\t\t\t\t\t\t<\/div>\n\t\t\t\t<\/div>\n\t\t\t\t<div class=\"elementor-element elementor-element-a93609c elementor-align-justify elementor-widget__width-initial elementor-widget elementor-widget-button\" data-id=\"a93609c\" data-element_type=\"widget\" data-widget_type=\"button.default\">\n\t\t\t\t<div class=\"elementor-widget-container\">\n\t\t\t\t\t\t\t\t\t<div class=\"elementor-button-wrapper\">\n\t\t\t\t\t<a class=\"elementor-button elementor-button-link elementor-size-md\" href=\"https:\/\/pk-rohstoffe.de\/wp-content\/uploads\/2025\/03\/zertifikat-9001-14001-45001-deutsch-aus-januar-2023-inkl-anlage.pdf\" target=\"_blank\">\n\t\t\t\t\t\t<span class=\"elementor-button-content-wrapper\">\n\t\t\t\t\t\t\t\t\t<span class=\"elementor-button-text\"> \t\t\t\t\t\t\t\t\t\t\tT\u00dcV certificate (PDF) 9001, 14001, 45001                                        <\/span>\n\t\t\t\t\t<\/span>\n\t\t\t\t\t<\/a>\n\t\t\t\t<\/div>\n\t\t\t\t\t\t\t\t<\/div>\n\t\t\t\t<\/div>\n\t\t\t\t<\/div>\n\t\t<div class=\"elementor-element elementor-element-7ffc707 e-con-full e-flex e-con e-child\" data-id=\"7ffc707\" data-element_type=\"container\">\n\t\t\t\t<div class=\"elementor-element elementor-element-e2bf197 elementor-align-justify elementor-widget__width-initial elementor-widget elementor-widget-button\" data-id=\"e2bf197\" data-element_type=\"widget\" data-widget_type=\"button.default\">\n\t\t\t\t<div class=\"elementor-widget-container\">\n\t\t\t\t\t\t\t\t\t<div class=\"elementor-button-wrapper\">\n\t\t\t\t\t<a class=\"elementor-button elementor-button-link elementor-size-md\" href=\"https:\/\/pk-rohstoffe.de\/wp-content\/uploads\/2026\/02\/Zertifikat-ISO-9001-PK-Rohstoffe-GmbH-Deutsch.pdf\" target=\"_blank\">\n\t\t\t\t\t\t<span class=\"elementor-button-content-wrapper\">\n\t\t\t\t\t\t\t\t\t<span class=\"elementor-button-text\">ISO 9001 certificate PK Rohstoffe GmbH German<\/span>\n\t\t\t\t\t<\/span>\n\t\t\t\t\t<\/a>\n\t\t\t\t<\/div>\n\t\t\t\t\t\t\t\t<\/div>\n\t\t\t\t<\/div>\n\t\t\t\t<div class=\"elementor-element elementor-element-31fb5bd elementor-align-justify elementor-widget__width-initial elementor-widget elementor-widget-button\" data-id=\"31fb5bd\" data-element_type=\"widget\" data-widget_type=\"button.default\">\n\t\t\t\t<div class=\"elementor-widget-container\">\n\t\t\t\t\t\t\t\t\t<div class=\"elementor-button-wrapper\">\n\t\t\t\t\t<a class=\"elementor-button elementor-button-link elementor-size-md\" href=\"https:\/\/pk-rohstoffe.de\/wp-content\/uploads\/2026\/02\/Zertifikat-ISO-9001-PK-Rohstoffe-GmbH-Englisch.pdf\" target=\"_blank\">\n\t\t\t\t\t\t<span class=\"elementor-button-content-wrapper\">\n\t\t\t\t\t\t\t\t\t<span class=\"elementor-button-text\">ISO 9001 certificate PK Rohstoffe GmbH English<\/span>\n\t\t\t\t\t<\/span>\n\t\t\t\t\t<\/a>\n\t\t\t\t<\/div>\n\t\t\t\t\t\t\t\t<\/div>\n\t\t\t\t<\/div>\n\t\t\t\t<\/div>\n\t\t<div class=\"elementor-element elementor-element-945074d e-con-full e-flex e-con e-child\" data-id=\"945074d\" data-element_type=\"container\">\n\t\t\t\t<div class=\"elementor-element elementor-element-3a2e880 elementor-align-justify elementor-widget__width-initial elementor-widget elementor-widget-button\" data-id=\"3a2e880\" data-element_type=\"widget\" data-widget_type=\"button.default\">\n\t\t\t\t<div class=\"elementor-widget-container\">\n\t\t\t\t\t\t\t\t\t<div class=\"elementor-button-wrapper\">\n\t\t\t\t\t<a class=\"elementor-button elementor-button-link elementor-size-md\" href=\"https:\/\/pk-rohstoffe.de\/wp-content\/uploads\/2026\/02\/Zertifikat-ISO-14001-PK-Rohstoffe-GmbH-Deutsch.pdf\" target=\"_blank\">\n\t\t\t\t\t\t<span class=\"elementor-button-content-wrapper\">\n\t\t\t\t\t\t\t\t\t<span class=\"elementor-button-text\">ISO 14001 certificate PK Rohstoffe GmbH German<\/span>\n\t\t\t\t\t<\/span>\n\t\t\t\t\t<\/a>\n\t\t\t\t<\/div>\n\t\t\t\t\t\t\t\t<\/div>\n\t\t\t\t<\/div>\n\t\t\t\t<div class=\"elementor-element elementor-element-dbc85ca elementor-align-justify elementor-widget__width-initial elementor-widget elementor-widget-button\" data-id=\"dbc85ca\" data-element_type=\"widget\" data-widget_type=\"button.default\">\n\t\t\t\t<div class=\"elementor-widget-container\">\n\t\t\t\t\t\t\t\t\t<div class=\"elementor-button-wrapper\">\n\t\t\t\t\t<a class=\"elementor-button elementor-button-link elementor-size-md\" href=\"https:\/\/pk-rohstoffe.de\/wp-content\/uploads\/2026\/02\/Zertifikat-ISO-14001-PK-Rohstoffe-GmbH-Englisch.pdf\" target=\"_blank\">\n\t\t\t\t\t\t<span class=\"elementor-button-content-wrapper\">\n\t\t\t\t\t\t\t\t\t<span class=\"elementor-button-text\">ISO 14001 certificate PK Rohstoffe GmbH English<\/span>\n\t\t\t\t\t<\/span>\n\t\t\t\t\t<\/a>\n\t\t\t\t<\/div>\n\t\t\t\t\t\t\t\t<\/div>\n\t\t\t\t<\/div>\n\t\t\t\t<\/div>\n\t\t<div class=\"elementor-element elementor-element-3463a22 e-con-full e-flex e-con e-child\" data-id=\"3463a22\" data-element_type=\"container\">\n\t\t\t\t<div class=\"elementor-element elementor-element-52b5a95 elementor-align-justify elementor-widget__width-initial elementor-widget elementor-widget-button\" data-id=\"52b5a95\" data-element_type=\"widget\" data-widget_type=\"button.default\">\n\t\t\t\t<div class=\"elementor-widget-container\">\n\t\t\t\t\t\t\t\t\t<div class=\"elementor-button-wrapper\">\n\t\t\t\t\t<a class=\"elementor-button elementor-button-link elementor-size-md\" href=\"https:\/\/pk-rohstoffe.de\/wp-content\/uploads\/2026\/02\/Zertifikat-ISO-45001-PK-Rohstoffe-GmbH-Deutsch.pdf\" target=\"_blank\">\n\t\t\t\t\t\t<span class=\"elementor-button-content-wrapper\">\n\t\t\t\t\t\t\t\t\t<span class=\"elementor-button-text\">ISO 45001 certificate PK Rohstoffe GmbH German<\/span>\n\t\t\t\t\t<\/span>\n\t\t\t\t\t<\/a>\n\t\t\t\t<\/div>\n\t\t\t\t\t\t\t\t<\/div>\n\t\t\t\t<\/div>\n\t\t\t\t<div class=\"elementor-element elementor-element-e83db99 elementor-align-justify elementor-widget__width-initial elementor-widget elementor-widget-button\" data-id=\"e83db99\" data-element_type=\"widget\" data-widget_type=\"button.default\">\n\t\t\t\t<div class=\"elementor-widget-container\">\n\t\t\t\t\t\t\t\t\t<div class=\"elementor-button-wrapper\">\n\t\t\t\t\t<a class=\"elementor-button elementor-button-link elementor-size-md\" href=\"https:\/\/pk-rohstoffe.de\/wp-content\/uploads\/2026\/02\/Zertifikat-ISO-45001-PK-Rohstoffe-GmbH-Englisch.pdf\" target=\"_blank\">\n\t\t\t\t\t\t<span class=\"elementor-button-content-wrapper\">\n\t\t\t\t\t\t\t\t\t<span class=\"elementor-button-text\">ISO 45001 certificate PK Rohstoffe GmbH English<\/span>\n\t\t\t\t\t<\/span>\n\t\t\t\t\t<\/a>\n\t\t\t\t<\/div>\n\t\t\t\t\t\t\t\t<\/div>\n\t\t\t\t<\/div>\n\t\t\t\t<\/div>\n\t\t\t\t\t<\/div>\n\t\t\t\t<\/div>\n\t\t\t\t\t<\/div>\n\t\t\t\t<\/div>\n\t\t\t\t<\/div>","protected":false},"excerpt":{"rendered":"<p>Willkommen bei PK Rohstoffe Downloads Wir haben Ihnen hier verschiedene Dokumente zum Herunterladen zur Verf\u00fcgung gestellt. Brosch\u00fcren Unsere Arbeitsabl\u00e4ufe erf\u00fcllen die geltenden Qualit\u00e4tsstandards. Werfen Sie einen Blick auf unsere Zertifikate: Unternehmensbrosch\u00fcre (PDF) Zertifikate Unsere Arbeitsabl\u00e4ufe erf\u00fcllen die geltenden Qualit\u00e4tsstandards. Werfen Sie einen Blick auf unsere Zertifikate: T\u00dcV-Zertifikat (PDF) Entsorgungsfachbetrieb T\u00dcV-Zertifikat (PDF) 9001, 14001, 45001 Zertifikat [&hellip;]<\/p>","protected":false},"author":2,"featured_media":0,"parent":0,"menu_order":0,"comment_status":"closed","ping_status":"closed","template":"elementor_header_footer","meta":{"footnotes":""},"class_list":["post-503","page","type-page","status-publish","hentry"],"yoast_head":"<!-- This site is optimized with the Yoast SEO plugin v25.2 - https:\/\/yoast.com\/wordpress\/plugins\/seo\/ -->\n<title>Downloads - PK Rohstoffe<\/title>\n<meta name=\"robots\" content=\"index, follow, max-snippet:-1, max-image-preview:large, max-video-preview:-1\" \/>\n<link rel=\"canonical\" href=\"https:\/\/pk-rohstoffe.de\/en\/downloads\/\" \/>\n<meta property=\"og:locale\" content=\"en_US\" \/>\n<meta property=\"og:type\" content=\"article\" \/>\n<meta property=\"og:title\" content=\"Downloads - PK Rohstoffe\" \/>\n<meta property=\"og:description\" content=\"Willkommen bei PK Rohstoffe Downloads Wir haben Ihnen hier verschiedene Dokumente zum Herunterladen zur Verf\u00fcgung gestellt. Brosch\u00fcren Unsere Arbeitsabl\u00e4ufe erf\u00fcllen die geltenden Qualit\u00e4tsstandards. Werfen Sie einen Blick auf unsere Zertifikate: Unternehmensbrosch\u00fcre (PDF) Zertifikate Unsere Arbeitsabl\u00e4ufe erf\u00fcllen die geltenden Qualit\u00e4tsstandards. Werfen Sie einen Blick auf unsere Zertifikate: T\u00dcV-Zertifikat (PDF) Entsorgungsfachbetrieb T\u00dcV-Zertifikat (PDF) 9001, 14001, 45001 Zertifikat [&hellip;]\" \/>\n<meta property=\"og:url\" content=\"https:\/\/pk-rohstoffe.de\/en\/downloads\/\" \/>\n<meta property=\"og:site_name\" content=\"PK Rohstoffe\" \/>\n<meta property=\"article:modified_time\" content=\"2026-02-06T11:44:27+00:00\" \/>\n<meta name=\"twitter:card\" content=\"summary_large_image\" \/>\n<meta name=\"twitter:label1\" content=\"Est. reading time\" \/>\n\t<meta name=\"twitter:data1\" content=\"1 minute\" \/>\n<script type=\"application\/ld+json\" class=\"yoast-schema-graph\">{\"@context\":\"https:\/\/schema.org\",\"@graph\":[{\"@type\":\"WebPage\",\"@id\":\"https:\/\/pk-rohstoffe.de\/downloads\/\",\"url\":\"https:\/\/pk-rohstoffe.de\/downloads\/\",\"name\":\"Downloads - PK Rohstoffe\",\"isPartOf\":{\"@id\":\"https:\/\/pk-rohstoffe.de\/#website\"},\"datePublished\":\"2025-03-30T13:26:14+00:00\",\"dateModified\":\"2026-02-06T11:44:27+00:00\",\"breadcrumb\":{\"@id\":\"https:\/\/pk-rohstoffe.de\/downloads\/#breadcrumb\"},\"inLanguage\":\"en-US\",\"potentialAction\":[{\"@type\":\"ReadAction\",\"target\":[\"https:\/\/pk-rohstoffe.de\/downloads\/\"]}]},{\"@type\":\"BreadcrumbList\",\"@id\":\"https:\/\/pk-rohstoffe.de\/downloads\/#breadcrumb\",\"itemListElement\":[{\"@type\":\"ListItem\",\"position\":1,\"name\":\"Home\",\"item\":\"https:\/\/pk-rohstoffe.de\/\"},{\"@type\":\"ListItem\",\"position\":2,\"name\":\"Downloads\"}]},{\"@type\":\"WebSite\",\"@id\":\"https:\/\/pk-rohstoffe.de\/#website\",\"url\":\"https:\/\/pk-rohstoffe.de\/\",\"name\":\"PK Rohstoffe\",\"description\":\"Industrieabf\u00e4lle umweltfreundlich verwerten\",\"potentialAction\":[{\"@type\":\"SearchAction\",\"target\":{\"@type\":\"EntryPoint\",\"urlTemplate\":\"https:\/\/pk-rohstoffe.de\/?s={search_term_string}\"},\"query-input\":{\"@type\":\"PropertyValueSpecification\",\"valueRequired\":true,\"valueName\":\"search_term_string\"}}],\"inLanguage\":\"en-US\"}]}<\/script>\n<!-- \/ Yoast SEO plugin. -->","yoast_head_json":{"title":"Downloads - PK Rohstoffe","robots":{"index":"index","follow":"follow","max-snippet":"max-snippet:-1","max-image-preview":"max-image-preview:large","max-video-preview":"max-video-preview:-1"},"canonical":"https:\/\/pk-rohstoffe.de\/en\/downloads\/","og_locale":"en_US","og_type":"article","og_title":"Downloads - PK Rohstoffe","og_description":"Willkommen bei PK Rohstoffe Downloads Wir haben Ihnen hier verschiedene Dokumente zum Herunterladen zur Verf\u00fcgung gestellt. Brosch\u00fcren Unsere Arbeitsabl\u00e4ufe erf\u00fcllen die geltenden Qualit\u00e4tsstandards. Werfen Sie einen Blick auf unsere Zertifikate: Unternehmensbrosch\u00fcre (PDF) Zertifikate Unsere Arbeitsabl\u00e4ufe erf\u00fcllen die geltenden Qualit\u00e4tsstandards. Werfen Sie einen Blick auf unsere Zertifikate: T\u00dcV-Zertifikat (PDF) Entsorgungsfachbetrieb T\u00dcV-Zertifikat (PDF) 9001, 14001, 45001 Zertifikat [&hellip;]","og_url":"https:\/\/pk-rohstoffe.de\/en\/downloads\/","og_site_name":"PK Rohstoffe","article_modified_time":"2026-02-06T11:44:27+00:00","twitter_card":"summary_large_image","twitter_misc":{"Est. reading time":"1 minute"},"schema":{"@context":"https:\/\/schema.org","@graph":[{"@type":"WebPage","@id":"https:\/\/pk-rohstoffe.de\/downloads\/","url":"https:\/\/pk-rohstoffe.de\/downloads\/","name":"Downloads - PK Rohstoffe","isPartOf":{"@id":"https:\/\/pk-rohstoffe.de\/#website"},"datePublished":"2025-03-30T13:26:14+00:00","dateModified":"2026-02-06T11:44:27+00:00","breadcrumb":{"@id":"https:\/\/pk-rohstoffe.de\/downloads\/#breadcrumb"},"inLanguage":"en-US","potentialAction":[{"@type":"ReadAction","target":["https:\/\/pk-rohstoffe.de\/downloads\/"]}]},{"@type":"BreadcrumbList","@id":"https:\/\/pk-rohstoffe.de\/downloads\/#breadcrumb","itemListElement":[{"@type":"ListItem","position":1,"name":"Home","item":"https:\/\/pk-rohstoffe.de\/"},{"@type":"ListItem","position":2,"name":"Downloads"}]},{"@type":"WebSite","@id":"https:\/\/pk-rohstoffe.de\/#website","url":"https:\/\/pk-rohstoffe.de\/","name":"PK Rohstoffe","description":"Industrieabf\u00e4lle umweltfreundlich verwerten","potentialAction":[{"@type":"SearchAction","target":{"@type":"EntryPoint","urlTemplate":"https:\/\/pk-rohstoffe.de\/?s={search_term_string}"},"query-input":{"@type":"PropertyValueSpecification","valueRequired":true,"valueName":"search_term_string"}}],"inLanguage":"en-US"}]}},"_links":{"self":[{"href":"https:\/\/pk-rohstoffe.de\/en\/wp-json\/wp\/v2\/pages\/503","targetHints":{"allow":["GET"]}}],"collection":[{"href":"https:\/\/pk-rohstoffe.de\/en\/wp-json\/wp\/v2\/pages"}],"about":[{"href":"https:\/\/pk-rohstoffe.de\/en\/wp-json\/wp\/v2\/types\/page"}],"author":[{"embeddable":true,"href":"https:\/\/pk-rohstoffe.de\/en\/wp-json\/wp\/v2\/users\/2"}],"replies":[{"embeddable":true,"href":"https:\/\/pk-rohstoffe.de\/en\/wp-json\/wp\/v2\/comments?post=503"}],"version-history":[{"count":10,"href":"https:\/\/pk-rohstoffe.de\/en\/wp-json\/wp\/v2\/pages\/503\/revisions"}],"predecessor-version":[{"id":1005,"href":"https:\/\/pk-rohstoffe.de\/en\/wp-json\/wp\/v2\/pages\/503\/revisions\/1005"}],"wp:attachment":[{"href":"https:\/\/pk-rohstoffe.de\/en\/wp-json\/wp\/v2\/media?parent=503"}],"curies":[{"name":"wp","href":"https:\/\/api.w.org\/{rel}","templated":true}]}}