{"id":429,"date":"2025-03-29T18:07:58","date_gmt":"2025-03-29T18:07:58","guid":{"rendered":"https:\/\/pk-rohstoffe.de\/?page_id=429"},"modified":"2026-04-02T08:23:23","modified_gmt":"2026-04-02T08:23:23","slug":"so-arbeiten-wir","status":"publish","type":"page","link":"https:\/\/pk-rohstoffe.de\/en\/so-arbeiten-wir\/","title":{"rendered":"How we work"},"content":{"rendered":"<div data-elementor-type=\"wp-post\" data-elementor-id=\"429\" class=\"elementor elementor-429\">\n\t\t\t\t<div class=\"elementor-element elementor-element-6ff2edd4 e-flex e-con-boxed e-con e-parent\" data-id=\"6ff2edd4\" data-element_type=\"container\" data-settings=\"{&quot;background_background&quot;:&quot;classic&quot;}\">\n\t\t\t\t\t<div class=\"e-con-inner\">\n\t\t<div class=\"elementor-element elementor-element-e6e51cd e-flex e-con-boxed e-con e-child\" data-id=\"e6e51cd\" data-element_type=\"container\">\n\t\t\t\t\t<div class=\"e-con-inner\">\n\t\t\t\t<div class=\"elementor-element elementor-element-4e86d9de elementor-widget elementor-widget-heading\" data-id=\"4e86d9de\" data-element_type=\"widget\" data-widget_type=\"heading.default\">\n\t\t\t\t<div class=\"elementor-widget-container\">\n\t\t\t\t\t<h6 class=\"elementor-heading-title elementor-size-default\">Welcome to\nPK Rohstoffe<\/h6>\t\t\t\t<\/div>\n\t\t\t\t<\/div>\n\t\t\t\t<div class=\"elementor-element elementor-element-61daf72 elementor-widget elementor-widget-heading\" data-id=\"61daf72\" data-element_type=\"widget\" data-widget_type=\"heading.default\">\n\t\t\t\t<div class=\"elementor-widget-container\">\n\t\t\t\t\t<h1 class=\"elementor-heading-title elementor-size-default\">How we work\n<\/h1>\t\t\t\t<\/div>\n\t\t\t\t<\/div>\n\t\t\t\t<div class=\"elementor-element elementor-element-6dc5b5c3 elementor-widget elementor-widget-text-editor\" data-id=\"6dc5b5c3\" data-element_type=\"widget\" data-widget_type=\"text-editor.default\">\n\t\t\t\t<div class=\"elementor-widget-container\">\n\t\t\t\t\t\t\t\t\t<p>We support you from the initial analysis to the finished solution - with a clear focus on the environment, efficiency and cost-effectiveness.<\/p>\t\t\t\t\t\t\t\t<\/div>\n\t\t\t\t<\/div>\n\t\t\t\t\t<\/div>\n\t\t\t\t<\/div>\n\t\t\t\t\t<\/div>\n\t\t\t\t<\/div>\n\t\t<div class=\"elementor-element elementor-element-7137188 e-flex e-con-boxed e-con e-parent\" data-id=\"7137188\" data-element_type=\"container\" data-settings=\"{&quot;background_background&quot;:&quot;classic&quot;}\">\n\t\t\t\t\t<div class=\"e-con-inner\">\n\t\t<div class=\"elementor-element elementor-element-cfd5e66 e-flex e-con-boxed e-con e-child\" data-id=\"cfd5e66\" data-element_type=\"container\">\n\t\t\t\t\t<div class=\"e-con-inner\">\n\t\t\t\t<div class=\"elementor-element elementor-element-2b40f14 elementor-widget elementor-widget-text-editor\" data-id=\"2b40f14\" data-element_type=\"widget\" data-widget_type=\"text-editor.default\">\n\t\t\t\t<div class=\"elementor-widget-container\">\n\t\t\t\t\t\t\t\t\t<p>We do not want to simply dispose of industrial waste. On the contrary: we carefully examine which type of recycling is the\u00a0<b>most environmentally compatible\u00a0<\/b>is. Many types of waste are suitable for recycling and can be returned to the economic cycle as products and waste. In any case, we work with our partners and customers to find the most environmentally friendly way.<\/p>\t\t\t\t\t\t\t\t<\/div>\n\t\t\t\t<\/div>\n\t\t\t\t<div class=\"elementor-element elementor-element-3311f08 elementor-invisible elementor-widget elementor-widget-heading\" data-id=\"3311f08\" data-element_type=\"widget\" data-settings=\"{&quot;_animation&quot;:&quot;fadeInUp&quot;,&quot;_animation_delay&quot;:200}\" data-widget_type=\"heading.default\">\n\t\t\t\t<div class=\"elementor-widget-container\">\n\t\t\t\t\t<h1 class=\"elementor-heading-title elementor-size-default\">Our complete solution for your waste\n<\/h1>\t\t\t\t<\/div>\n\t\t\t\t<\/div>\n\t\t\t\t<div class=\"elementor-element elementor-element-9ad7f0e elementor-widget elementor-widget-text-editor\" data-id=\"9ad7f0e\" data-element_type=\"widget\" data-widget_type=\"text-editor.default\">\n\t\t\t\t<div class=\"elementor-widget-container\">\n\t\t\t\t\t\t\t\t\t<p>When it comes to the disposal and recycling of waste, we rely on a <b>holistic approach<\/b>. We cover all the different business areas - and offer you all services from a single source. This is how we guarantee the recycling of your waste in <b>various industrial sectors<\/b>.<\/p>\t\t\t\t\t\t\t\t<\/div>\n\t\t\t\t<\/div>\n\t\t\t\t<div class=\"elementor-element elementor-element-a8412ea elementor-invisible elementor-widget elementor-widget-heading\" data-id=\"a8412ea\" data-element_type=\"widget\" data-settings=\"{&quot;_animation&quot;:&quot;fadeInUp&quot;,&quot;_animation_delay&quot;:200}\" data-widget_type=\"heading.default\">\n\t\t\t\t<div class=\"elementor-widget-container\">\n\t\t\t\t\t<h1 class=\"elementor-heading-title elementor-size-default\">Certified according to DIN standards\n<\/h1>\t\t\t\t<\/div>\n\t\t\t\t<\/div>\n\t\t\t\t<div class=\"elementor-element elementor-element-f7552ab elementor-widget elementor-widget-text-editor\" data-id=\"f7552ab\" data-element_type=\"widget\" data-widget_type=\"text-editor.default\">\n\t\t\t\t<div class=\"elementor-widget-container\">\n\t\t\t\t\t\t\t\t\t<p>You can rely on our diligence:\u00a0<b>Sampling and quality control<\/b> erfolgen regelm\u00e4\u00dfig und alle Aufbereitungsbetriebe sind zur <b>Safeguarding the quality standard<\/b>\u00a0nach geltenden\u00a0<b>DIN EN ISO-Normen<\/b> certified. We have all the necessary equipment for the further processing of the various waste materials. <b>Waste management company certificates<\/b>.<\/p>\t\t\t\t\t\t\t\t<\/div>\n\t\t\t\t<\/div>\n\t\t\t\t\t<\/div>\n\t\t\t\t<\/div>\n\t\t\t\t\t<\/div>\n\t\t\t\t<\/div>\n\t\t<div class=\"elementor-element elementor-element-af94459 e-flex e-con-boxed e-con e-parent\" data-id=\"af94459\" data-element_type=\"container\" data-settings=\"{&quot;background_background&quot;:&quot;classic&quot;}\">\n\t\t\t\t\t<div class=\"e-con-inner\">\n\t\t<div class=\"elementor-element elementor-element-94a220c e-flex e-con-boxed e-con e-child\" data-id=\"94a220c\" data-element_type=\"container\">\n\t\t\t\t\t<div class=\"e-con-inner\">\n\t\t\t\t<div class=\"elementor-element elementor-element-5a63154 elementor-invisible elementor-widget elementor-widget-heading\" data-id=\"5a63154\" data-element_type=\"widget\" data-settings=\"{&quot;_animation&quot;:&quot;fadeInUp&quot;,&quot;_animation_delay&quot;:200}\" data-widget_type=\"heading.default\">\n\t\t\t\t<div class=\"elementor-widget-container\">\n\t\t\t\t\t<h1 class=\"elementor-heading-title elementor-size-default\">Certified quality\n<\/h1>\t\t\t\t<\/div>\n\t\t\t\t<\/div>\n\t\t\t\t<div class=\"elementor-element elementor-element-e321e1e elementor-widget elementor-widget-text-editor\" data-id=\"e321e1e\" data-element_type=\"widget\" data-widget_type=\"text-editor.default\">\n\t\t\t\t<div class=\"elementor-widget-container\">\n\t\t\t\t\t\t\t\t\t<p>Our work processes meet the applicable quality standards. Take a look at our certificates:<\/p>\t\t\t\t\t\t\t\t<\/div>\n\t\t\t\t<\/div>\n\t\t<div class=\"elementor-element elementor-element-2e85012 e-con-full e-flex e-con e-child\" data-id=\"2e85012\" data-element_type=\"container\">\n\t\t\t\t<div class=\"elementor-element elementor-element-152f88a elementor-align-justify elementor-widget__width-initial elementor-widget elementor-widget-button\" data-id=\"152f88a\" data-element_type=\"widget\" data-widget_type=\"button.default\">\n\t\t\t\t<div class=\"elementor-widget-container\">\n\t\t\t\t\t\t\t\t\t<div class=\"elementor-button-wrapper\">\n\t\t\t\t\t<a class=\"elementor-button elementor-button-link elementor-size-md\" href=\"https:\/\/pk-rohstoffe.de\/wp-content\/uploads\/2026\/02\/EFB-Zertifikat-2026-PK-Rohstoffe-GmbH-unterschrieben.pdf\" target=\"_blank\">\n\t\t\t\t\t\t<span class=\"elementor-button-content-wrapper\">\n\t\t\t\t\t\t\t\t\t<span class=\"elementor-button-text\">T\u00dcV certificate (PDF) Waste management company<\/span>\n\t\t\t\t\t<\/span>\n\t\t\t\t\t<\/a>\n\t\t\t\t<\/div>\n\t\t\t\t\t\t\t\t<\/div>\n\t\t\t\t<\/div>\n\t\t\t\t<div class=\"elementor-element elementor-element-b60cc71 elementor-align-justify elementor-widget__width-initial elementor-widget elementor-widget-button\" data-id=\"b60cc71\" data-element_type=\"widget\" data-widget_type=\"button.default\">\n\t\t\t\t<div class=\"elementor-widget-container\">\n\t\t\t\t\t\t\t\t\t<div class=\"elementor-button-wrapper\">\n\t\t\t\t\t<a class=\"elementor-button elementor-button-link elementor-size-md\" href=\"https:\/\/pk-rohstoffe.de\/wp-content\/uploads\/2025\/03\/zertifikat-9001-14001-45001-deutsch-aus-januar-2023-inkl-anlage.pdf\" target=\"_blank\">\n\t\t\t\t\t\t<span class=\"elementor-button-content-wrapper\">\n\t\t\t\t\t\t\t\t\t<span class=\"elementor-button-text\">T\u00dcV certificate (PDF) 9001, 14001, 45001<\/span>\n\t\t\t\t\t<\/span>\n\t\t\t\t\t<\/a>\n\t\t\t\t<\/div>\n\t\t\t\t\t\t\t\t<\/div>\n\t\t\t\t<\/div>\n\t\t\t\t<\/div>\n\t\t\t\t\t<\/div>\n\t\t\t\t<\/div>\n\t\t\t\t\t<\/div>\n\t\t\t\t<\/div>\n\t\t\t\t<\/div>","protected":false},"excerpt":{"rendered":"<p>Willkommen bei PK Rohstoffe So arbeiten wir Wir begleiten Sie von der ersten Analyse bis zur fertigen L\u00f6sung \u2013 mit klarem Fokus auf Umwelt, Effizienz und Wirtschaftlichkeit. Industrieabf\u00e4lle wollen wir nicht einfach aus der Welt schaffen. Im Gegenteil: Wir pr\u00fcfen sorgf\u00e4ltig, welche Verwertungsart die\u00a0umweltvertr\u00e4glichste\u00a0ist. Zahlreiche Abf\u00e4lle eignen sich f\u00fcr eine Wiederverwertung und k\u00f6nnen dem Wirtschaftskreislauf [&hellip;]<\/p>","protected":false},"author":2,"featured_media":0,"parent":0,"menu_order":0,"comment_status":"closed","ping_status":"closed","template":"elementor_header_footer","meta":{"footnotes":""},"class_list":["post-429","page","type-page","status-publish","hentry"],"yoast_head":"<!-- This site is optimized with the Yoast SEO plugin v25.2 - https:\/\/yoast.com\/wordpress\/plugins\/seo\/ -->\n<title>So arbeiten wir - PK Rohstoffe<\/title>\n<meta name=\"robots\" content=\"index, follow, max-snippet:-1, max-image-preview:large, max-video-preview:-1\" \/>\n<link rel=\"canonical\" href=\"https:\/\/pk-rohstoffe.de\/en\/so-arbeiten-wir\/\" \/>\n<meta property=\"og:locale\" content=\"en_US\" \/>\n<meta property=\"og:type\" content=\"article\" \/>\n<meta property=\"og:title\" content=\"So arbeiten wir - PK Rohstoffe\" \/>\n<meta property=\"og:description\" content=\"Willkommen bei PK Rohstoffe So arbeiten wir Wir begleiten Sie von der ersten Analyse bis zur fertigen L\u00f6sung \u2013 mit klarem Fokus auf Umwelt, Effizienz und Wirtschaftlichkeit. Industrieabf\u00e4lle wollen wir nicht einfach aus der Welt schaffen. Im Gegenteil: Wir pr\u00fcfen sorgf\u00e4ltig, welche Verwertungsart die\u00a0umweltvertr\u00e4glichste\u00a0ist. Zahlreiche Abf\u00e4lle eignen sich f\u00fcr eine Wiederverwertung und k\u00f6nnen dem Wirtschaftskreislauf [&hellip;]\" \/>\n<meta property=\"og:url\" content=\"https:\/\/pk-rohstoffe.de\/en\/so-arbeiten-wir\/\" \/>\n<meta property=\"og:site_name\" content=\"PK Rohstoffe\" \/>\n<meta property=\"article:modified_time\" content=\"2026-04-02T08:23:23+00:00\" \/>\n<meta name=\"twitter:card\" content=\"summary_large_image\" \/>\n<meta name=\"twitter:label1\" content=\"Est. reading time\" \/>\n\t<meta name=\"twitter:data1\" content=\"1 minute\" \/>\n<script type=\"application\/ld+json\" class=\"yoast-schema-graph\">{\"@context\":\"https:\/\/schema.org\",\"@graph\":[{\"@type\":\"WebPage\",\"@id\":\"https:\/\/pk-rohstoffe.de\/so-arbeiten-wir\/\",\"url\":\"https:\/\/pk-rohstoffe.de\/so-arbeiten-wir\/\",\"name\":\"So arbeiten wir - PK Rohstoffe\",\"isPartOf\":{\"@id\":\"https:\/\/pk-rohstoffe.de\/#website\"},\"datePublished\":\"2025-03-29T18:07:58+00:00\",\"dateModified\":\"2026-04-02T08:23:23+00:00\",\"breadcrumb\":{\"@id\":\"https:\/\/pk-rohstoffe.de\/so-arbeiten-wir\/#breadcrumb\"},\"inLanguage\":\"en-US\",\"potentialAction\":[{\"@type\":\"ReadAction\",\"target\":[\"https:\/\/pk-rohstoffe.de\/so-arbeiten-wir\/\"]}]},{\"@type\":\"BreadcrumbList\",\"@id\":\"https:\/\/pk-rohstoffe.de\/so-arbeiten-wir\/#breadcrumb\",\"itemListElement\":[{\"@type\":\"ListItem\",\"position\":1,\"name\":\"Home\",\"item\":\"https:\/\/pk-rohstoffe.de\/\"},{\"@type\":\"ListItem\",\"position\":2,\"name\":\"So arbeiten wir\"}]},{\"@type\":\"WebSite\",\"@id\":\"https:\/\/pk-rohstoffe.de\/#website\",\"url\":\"https:\/\/pk-rohstoffe.de\/\",\"name\":\"PK Rohstoffe\",\"description\":\"Industrieabf\u00e4lle umweltfreundlich verwerten\",\"potentialAction\":[{\"@type\":\"SearchAction\",\"target\":{\"@type\":\"EntryPoint\",\"urlTemplate\":\"https:\/\/pk-rohstoffe.de\/?s={search_term_string}\"},\"query-input\":{\"@type\":\"PropertyValueSpecification\",\"valueRequired\":true,\"valueName\":\"search_term_string\"}}],\"inLanguage\":\"en-US\"}]}<\/script>\n<!-- \/ Yoast SEO plugin. -->","yoast_head_json":{"title":"So arbeiten wir - PK Rohstoffe","robots":{"index":"index","follow":"follow","max-snippet":"max-snippet:-1","max-image-preview":"max-image-preview:large","max-video-preview":"max-video-preview:-1"},"canonical":"https:\/\/pk-rohstoffe.de\/en\/so-arbeiten-wir\/","og_locale":"en_US","og_type":"article","og_title":"So arbeiten wir - PK Rohstoffe","og_description":"Willkommen bei PK Rohstoffe So arbeiten wir Wir begleiten Sie von der ersten Analyse bis zur fertigen L\u00f6sung \u2013 mit klarem Fokus auf Umwelt, Effizienz und Wirtschaftlichkeit. Industrieabf\u00e4lle wollen wir nicht einfach aus der Welt schaffen. Im Gegenteil: Wir pr\u00fcfen sorgf\u00e4ltig, welche Verwertungsart die\u00a0umweltvertr\u00e4glichste\u00a0ist. Zahlreiche Abf\u00e4lle eignen sich f\u00fcr eine Wiederverwertung und k\u00f6nnen dem Wirtschaftskreislauf [&hellip;]","og_url":"https:\/\/pk-rohstoffe.de\/en\/so-arbeiten-wir\/","og_site_name":"PK Rohstoffe","article_modified_time":"2026-04-02T08:23:23+00:00","twitter_card":"summary_large_image","twitter_misc":{"Est. reading time":"1 minute"},"schema":{"@context":"https:\/\/schema.org","@graph":[{"@type":"WebPage","@id":"https:\/\/pk-rohstoffe.de\/so-arbeiten-wir\/","url":"https:\/\/pk-rohstoffe.de\/so-arbeiten-wir\/","name":"So arbeiten wir - PK Rohstoffe","isPartOf":{"@id":"https:\/\/pk-rohstoffe.de\/#website"},"datePublished":"2025-03-29T18:07:58+00:00","dateModified":"2026-04-02T08:23:23+00:00","breadcrumb":{"@id":"https:\/\/pk-rohstoffe.de\/so-arbeiten-wir\/#breadcrumb"},"inLanguage":"en-US","potentialAction":[{"@type":"ReadAction","target":["https:\/\/pk-rohstoffe.de\/so-arbeiten-wir\/"]}]},{"@type":"BreadcrumbList","@id":"https:\/\/pk-rohstoffe.de\/so-arbeiten-wir\/#breadcrumb","itemListElement":[{"@type":"ListItem","position":1,"name":"Home","item":"https:\/\/pk-rohstoffe.de\/"},{"@type":"ListItem","position":2,"name":"So arbeiten wir"}]},{"@type":"WebSite","@id":"https:\/\/pk-rohstoffe.de\/#website","url":"https:\/\/pk-rohstoffe.de\/","name":"PK Rohstoffe","description":"Industrieabf\u00e4lle umweltfreundlich verwerten","potentialAction":[{"@type":"SearchAction","target":{"@type":"EntryPoint","urlTemplate":"https:\/\/pk-rohstoffe.de\/?s={search_term_string}"},"query-input":{"@type":"PropertyValueSpecification","valueRequired":true,"valueName":"search_term_string"}}],"inLanguage":"en-US"}]}},"_links":{"self":[{"href":"https:\/\/pk-rohstoffe.de\/en\/wp-json\/wp\/v2\/pages\/429","targetHints":{"allow":["GET"]}}],"collection":[{"href":"https:\/\/pk-rohstoffe.de\/en\/wp-json\/wp\/v2\/pages"}],"about":[{"href":"https:\/\/pk-rohstoffe.de\/en\/wp-json\/wp\/v2\/types\/page"}],"author":[{"embeddable":true,"href":"https:\/\/pk-rohstoffe.de\/en\/wp-json\/wp\/v2\/users\/2"}],"replies":[{"embeddable":true,"href":"https:\/\/pk-rohstoffe.de\/en\/wp-json\/wp\/v2\/comments?post=429"}],"version-history":[{"count":10,"href":"https:\/\/pk-rohstoffe.de\/en\/wp-json\/wp\/v2\/pages\/429\/revisions"}],"predecessor-version":[{"id":1010,"href":"https:\/\/pk-rohstoffe.de\/en\/wp-json\/wp\/v2\/pages\/429\/revisions\/1010"}],"wp:attachment":[{"href":"https:\/\/pk-rohstoffe.de\/en\/wp-json\/wp\/v2\/media?parent=429"}],"curies":[{"name":"wp","href":"https:\/\/api.w.org\/{rel}","templated":true}]}}