{"id":415,"date":"2025-03-29T17:53:44","date_gmt":"2025-03-29T17:53:44","guid":{"rendered":"https:\/\/pk-rohstoffe.de\/?page_id=415"},"modified":"2025-04-23T14:46:29","modified_gmt":"2025-04-23T14:46:29","slug":"leistungen","status":"publish","type":"page","link":"https:\/\/pk-rohstoffe.de\/en\/leistungen\/","title":{"rendered":"Leistungen"},"content":{"rendered":"<div data-elementor-type=\"wp-post\" data-elementor-id=\"415\" class=\"elementor elementor-415\">\n\t\t\t\t<div class=\"elementor-element elementor-element-6ff2edd4 e-flex e-con-boxed e-con e-parent\" data-id=\"6ff2edd4\" data-element_type=\"container\" data-settings=\"{&quot;background_background&quot;:&quot;classic&quot;}\">\n\t\t\t\t\t<div class=\"e-con-inner\">\n\t\t<div class=\"elementor-element elementor-element-e6e51cd e-flex e-con-boxed e-con e-child\" data-id=\"e6e51cd\" data-element_type=\"container\">\n\t\t\t\t\t<div class=\"e-con-inner\">\n\t\t\t\t<div class=\"elementor-element elementor-element-4e86d9de elementor-widget elementor-widget-heading\" data-id=\"4e86d9de\" data-element_type=\"widget\" data-widget_type=\"heading.default\">\n\t\t\t\t<div class=\"elementor-widget-container\">\n\t\t\t\t\t<h6 class=\"elementor-heading-title elementor-size-default\">Welcome to\nPK Rohstoffe<\/h6>\t\t\t\t<\/div>\n\t\t\t\t<\/div>\n\t\t\t\t<div class=\"elementor-element elementor-element-61daf72 elementor-widget elementor-widget-heading\" data-id=\"61daf72\" data-element_type=\"widget\" data-widget_type=\"heading.default\">\n\t\t\t\t<div class=\"elementor-widget-container\">\n\t\t\t\t\t<h1 class=\"elementor-heading-title elementor-size-default\">Our services\n<\/h1>\t\t\t\t<\/div>\n\t\t\t\t<\/div>\n\t\t\t\t<div class=\"elementor-element elementor-element-6dc5b5c3 elementor-widget elementor-widget-text-editor\" data-id=\"6dc5b5c3\" data-element_type=\"widget\" data-widget_type=\"text-editor.default\">\n\t\t\t\t<div class=\"elementor-widget-container\">\n\t\t\t\t\t\t\t\t\t<p>We offer you individual solutions for all aspects of industrial waste - from consulting and recycling to product development.<\/p>\t\t\t\t\t\t\t\t<\/div>\n\t\t\t\t<\/div>\n\t\t\t\t\t<\/div>\n\t\t\t\t<\/div>\n\t\t\t\t\t<\/div>\n\t\t\t\t<\/div>\n\t\t<div class=\"elementor-element elementor-element-7137188 e-flex e-con-boxed e-con e-parent\" data-id=\"7137188\" data-element_type=\"container\" data-settings=\"{&quot;background_background&quot;:&quot;classic&quot;}\">\n\t\t\t\t\t<div class=\"e-con-inner\">\n\t\t<div class=\"elementor-element elementor-element-cfd5e66 e-flex e-con-boxed e-con e-child\" data-id=\"cfd5e66\" data-element_type=\"container\">\n\t\t\t\t\t<div class=\"e-con-inner\">\n\t\t\t\t<div class=\"elementor-element elementor-element-2b40f14 elementor-widget elementor-widget-text-editor\" data-id=\"2b40f14\" data-element_type=\"widget\" data-widget_type=\"text-editor.default\">\n\t\t\t\t<div class=\"elementor-widget-container\">\n\t\t\t\t\t\t\t\t\t<p>Large corporations, but also many medium-sized companies, have benefited for over 50 years from our\u00a0<b>professional competence and our personal service<\/b> around the topics <b>waste processing, recovery and recycling<\/b>.\u00a0<b>Sustainability\u00a0<\/b>is of particular concern to us. At the center of our work is the\u00a0<a href=\"https:\/\/pk-rohstoffe.de\/de\/umwelt-recycling\/\">overall ecological approach<\/a>.<\/p>\t\t\t\t\t\t\t\t<\/div>\n\t\t\t\t<\/div>\n\t\t\t\t<div class=\"elementor-element elementor-element-3311f08 elementor-invisible elementor-widget elementor-widget-heading\" data-id=\"3311f08\" data-element_type=\"widget\" data-settings=\"{&quot;_animation&quot;:&quot;fadeInUp&quot;,&quot;_animation_delay&quot;:200}\" data-widget_type=\"heading.default\">\n\t\t\t\t<div class=\"elementor-widget-container\">\n\t\t\t\t\t<h1 class=\"elementor-heading-title elementor-size-default\">This is what we offer you:\n\n<\/h1>\t\t\t\t<\/div>\n\t\t\t\t<\/div>\n\t\t\t\t<div class=\"elementor-element elementor-element-44034b3 elementor-align-left elementor-icon-list--layout-traditional elementor-list-item-link-full_width elementor-widget elementor-widget-icon-list\" data-id=\"44034b3\" data-element_type=\"widget\" data-widget_type=\"icon-list.default\">\n\t\t\t\t<div class=\"elementor-widget-container\">\n\t\t\t\t\t\t\t<ul class=\"elementor-icon-list-items\">\n\t\t\t\t\t\t\t<li class=\"elementor-icon-list-item\">\n\t\t\t\t\t\t\t\t\t\t\t<span class=\"elementor-icon-list-icon\">\n\t\t\t\t\t\t\t<svg aria-hidden=\"true\" class=\"e-font-icon-svg e-fas-check\" viewbox=\"0 0 512 512\" xmlns=\"http:\/\/www.w3.org\/2000\/svg\"><path d=\"M173.898 439.404l-166.4-166.4c-9.997-9.997-9.997-26.206 0-36.204l36.203-36.204c9.997-9.998 26.207-9.998 36.204 0L192 312.69 432.095 72.596c9.997-9.997 26.207-9.997 36.204 0l36.203 36.204c9.997 9.997 9.997 26.206 0 36.204l-294.4 294.401c-9.998 9.997-26.207 9.997-36.204-.001z\"><\/path><\/svg>\t\t\t\t\t\t<\/span>\n\t\t\t\t\t\t\t\t\t\t<span class=\"elementor-icon-list-text\">Material recycling of waste from various areas of the iron and steel industry at our facilities<\/span>\n\t\t\t\t\t\t\t\t\t<\/li>\n\t\t\t\t\t\t\t\t<li class=\"elementor-icon-list-item\">\n\t\t\t\t\t\t\t\t\t\t\t<span class=\"elementor-icon-list-icon\">\n\t\t\t\t\t\t\t<svg aria-hidden=\"true\" class=\"e-font-icon-svg e-fas-check\" viewbox=\"0 0 512 512\" xmlns=\"http:\/\/www.w3.org\/2000\/svg\"><path d=\"M173.898 439.404l-166.4-166.4c-9.997-9.997-9.997-26.206 0-36.204l36.203-36.204c9.997-9.998 26.207-9.998 36.204 0L192 312.69 432.095 72.596c9.997-9.997 26.207-9.997 36.204 0l36.203 36.204c9.997 9.997 9.997 26.206 0 36.204l-294.4 294.401c-9.998 9.997-26.207 9.997-36.204-.001z\"><\/path><\/svg>\t\t\t\t\t\t<\/span>\n\t\t\t\t\t\t\t\t\t\t<span class=\"elementor-icon-list-text\">State-of-the-art recycling plants, innovative solutions and the latest technologies, product development at home and abroad<\/span>\n\t\t\t\t\t\t\t\t\t<\/li>\n\t\t\t\t\t\t\t\t<li class=\"elementor-icon-list-item\">\n\t\t\t\t\t\t\t\t\t\t\t<span class=\"elementor-icon-list-icon\">\n\t\t\t\t\t\t\t<svg aria-hidden=\"true\" class=\"e-font-icon-svg e-fas-check\" viewbox=\"0 0 512 512\" xmlns=\"http:\/\/www.w3.org\/2000\/svg\"><path d=\"M173.898 439.404l-166.4-166.4c-9.997-9.997-9.997-26.206 0-36.204l36.203-36.204c9.997-9.998 26.207-9.998 36.204 0L192 312.69 432.095 72.596c9.997-9.997 26.207-9.997 36.204 0l36.203 36.204c9.997 9.997 9.997 26.206 0 36.204l-294.4 294.401c-9.998 9.997-26.207 9.997-36.204-.001z\"><\/path><\/svg>\t\t\t\t\t\t<\/span>\n\t\t\t\t\t\t\t\t\t\t<span class=\"elementor-icon-list-text\">Professional expertise, responsible and qualified handling of your waste and products<\/span>\n\t\t\t\t\t\t\t\t\t<\/li>\n\t\t\t\t\t\t\t\t<li class=\"elementor-icon-list-item\">\n\t\t\t\t\t\t\t\t\t\t\t<span class=\"elementor-icon-list-icon\">\n\t\t\t\t\t\t\t<svg aria-hidden=\"true\" class=\"e-font-icon-svg e-fas-check\" viewbox=\"0 0 512 512\" xmlns=\"http:\/\/www.w3.org\/2000\/svg\"><path d=\"M173.898 439.404l-166.4-166.4c-9.997-9.997-9.997-26.206 0-36.204l36.203-36.204c9.997-9.998 26.207-9.998 36.204 0L192 312.69 432.095 72.596c9.997-9.997 26.207-9.997 36.204 0l36.203 36.204c9.997 9.997 9.997 26.206 0 36.204l-294.4 294.401c-9.998 9.997-26.207 9.997-36.204-.001z\"><\/path><\/svg>\t\t\t\t\t\t<\/span>\n\t\t\t\t\t\t\t\t\t\t<span class=\"elementor-icon-list-text\">Control and acceptance procedures in accordance with the Closed Substance Cycle and Waste Management Act<\/span>\n\t\t\t\t\t\t\t\t\t<\/li>\n\t\t\t\t\t\t\t\t<li class=\"elementor-icon-list-item\">\n\t\t\t\t\t\t\t\t\t\t\t<span class=\"elementor-icon-list-icon\">\n\t\t\t\t\t\t\t<svg aria-hidden=\"true\" class=\"e-font-icon-svg e-fas-check\" viewbox=\"0 0 512 512\" xmlns=\"http:\/\/www.w3.org\/2000\/svg\"><path d=\"M173.898 439.404l-166.4-166.4c-9.997-9.997-9.997-26.206 0-36.204l36.203-36.204c9.997-9.998 26.207-9.998 36.204 0L192 312.69 432.095 72.596c9.997-9.997 26.207-9.997 36.204 0l36.203 36.204c9.997 9.997 9.997 26.206 0 36.204l-294.4 294.401c-9.998 9.997-26.207 9.997-36.204-.001z\"><\/path><\/svg>\t\t\t\t\t\t<\/span>\n\t\t\t\t\t\t\t\t\t\t<span class=\"elementor-icon-list-text\">Efficient logistics<\/span>\n\t\t\t\t\t\t\t\t\t<\/li>\n\t\t\t\t\t\t\t\t<li class=\"elementor-icon-list-item\">\n\t\t\t\t\t\t\t\t\t\t\t<span class=\"elementor-icon-list-icon\">\n\t\t\t\t\t\t\t<svg aria-hidden=\"true\" class=\"e-font-icon-svg e-fas-check\" viewbox=\"0 0 512 512\" xmlns=\"http:\/\/www.w3.org\/2000\/svg\"><path d=\"M173.898 439.404l-166.4-166.4c-9.997-9.997-9.997-26.206 0-36.204l36.203-36.204c9.997-9.998 26.207-9.998 36.204 0L192 312.69 432.095 72.596c9.997-9.997 26.207-9.997 36.204 0l36.203 36.204c9.997 9.997 9.997 26.206 0 36.204l-294.4 294.401c-9.998 9.997-26.207 9.997-36.204-.001z\"><\/path><\/svg>\t\t\t\t\t\t<\/span>\n\t\t\t\t\t\t\t\t\t\t<span class=\"elementor-icon-list-text\">Consulting expertise<\/span>\n\t\t\t\t\t\t\t\t\t<\/li>\n\t\t\t\t\t\t<\/ul>\n\t\t\t\t\t\t<\/div>\n\t\t\t\t<\/div>\n\t\t\t\t\t<\/div>\n\t\t\t\t<\/div>\n\t\t\t\t\t<\/div>\n\t\t\t\t<\/div>\n\t\t\t\t<\/div>","protected":false},"excerpt":{"rendered":"<p>Willkommen bei PK Rohstoffe Unsere Leistungen Wir bieten Ihnen individuelle L\u00f6sungen rund um Industrieabf\u00e4lle \u2013 von der Beratung \u00fcber die Verwertung bis zur Produktentwicklung. Gro\u00dfkonzerne, aber auch viele mittelst\u00e4ndische Unternehmen profitieren seit \u00fcber 50 Jahren von unserer\u00a0fachlichen Kompetenz und unserem pers\u00f6nlichen Service rund um die Themen Abfallaufbereitung, Verwertung und Recycling.\u00a0Nachhaltigkeit\u00a0ist uns dabei ein ganz besonderes [&hellip;]<\/p>","protected":false},"author":2,"featured_media":0,"parent":0,"menu_order":0,"comment_status":"closed","ping_status":"closed","template":"elementor_header_footer","meta":{"footnotes":""},"class_list":["post-415","page","type-page","status-publish","hentry"],"yoast_head":"<!-- This site is optimized with the Yoast SEO plugin v25.2 - https:\/\/yoast.com\/wordpress\/plugins\/seo\/ -->\n<title>Leistungen - PK Rohstoffe<\/title>\n<meta name=\"robots\" content=\"index, follow, max-snippet:-1, max-image-preview:large, max-video-preview:-1\" \/>\n<link rel=\"canonical\" href=\"https:\/\/pk-rohstoffe.de\/en\/leistungen\/\" \/>\n<meta property=\"og:locale\" content=\"en_US\" \/>\n<meta property=\"og:type\" content=\"article\" \/>\n<meta property=\"og:title\" content=\"Leistungen - PK Rohstoffe\" \/>\n<meta property=\"og:description\" content=\"Willkommen bei PK Rohstoffe Unsere Leistungen Wir bieten Ihnen individuelle L\u00f6sungen rund um Industrieabf\u00e4lle \u2013 von der Beratung \u00fcber die Verwertung bis zur Produktentwicklung. Gro\u00dfkonzerne, aber auch viele mittelst\u00e4ndische Unternehmen profitieren seit \u00fcber 50 Jahren von unserer\u00a0fachlichen Kompetenz und unserem pers\u00f6nlichen Service rund um die Themen Abfallaufbereitung, Verwertung und Recycling.\u00a0Nachhaltigkeit\u00a0ist uns dabei ein ganz besonderes [&hellip;]\" \/>\n<meta property=\"og:url\" content=\"https:\/\/pk-rohstoffe.de\/en\/leistungen\/\" \/>\n<meta property=\"og:site_name\" content=\"PK Rohstoffe\" \/>\n<meta property=\"article:modified_time\" content=\"2025-04-23T14:46:29+00:00\" \/>\n<meta name=\"twitter:card\" content=\"summary_large_image\" \/>\n<meta name=\"twitter:label1\" content=\"Est. reading time\" \/>\n\t<meta name=\"twitter:data1\" content=\"1 minute\" \/>\n<script type=\"application\/ld+json\" class=\"yoast-schema-graph\">{\"@context\":\"https:\/\/schema.org\",\"@graph\":[{\"@type\":\"WebPage\",\"@id\":\"https:\/\/pk-rohstoffe.de\/leistungen\/\",\"url\":\"https:\/\/pk-rohstoffe.de\/leistungen\/\",\"name\":\"Leistungen - PK Rohstoffe\",\"isPartOf\":{\"@id\":\"https:\/\/pk-rohstoffe.de\/#website\"},\"datePublished\":\"2025-03-29T17:53:44+00:00\",\"dateModified\":\"2025-04-23T14:46:29+00:00\",\"breadcrumb\":{\"@id\":\"https:\/\/pk-rohstoffe.de\/leistungen\/#breadcrumb\"},\"inLanguage\":\"en-US\",\"potentialAction\":[{\"@type\":\"ReadAction\",\"target\":[\"https:\/\/pk-rohstoffe.de\/leistungen\/\"]}]},{\"@type\":\"BreadcrumbList\",\"@id\":\"https:\/\/pk-rohstoffe.de\/leistungen\/#breadcrumb\",\"itemListElement\":[{\"@type\":\"ListItem\",\"position\":1,\"name\":\"Home\",\"item\":\"https:\/\/pk-rohstoffe.de\/\"},{\"@type\":\"ListItem\",\"position\":2,\"name\":\"Leistungen\"}]},{\"@type\":\"WebSite\",\"@id\":\"https:\/\/pk-rohstoffe.de\/#website\",\"url\":\"https:\/\/pk-rohstoffe.de\/\",\"name\":\"PK Rohstoffe\",\"description\":\"Industrieabf\u00e4lle umweltfreundlich verwerten\",\"potentialAction\":[{\"@type\":\"SearchAction\",\"target\":{\"@type\":\"EntryPoint\",\"urlTemplate\":\"https:\/\/pk-rohstoffe.de\/?s={search_term_string}\"},\"query-input\":{\"@type\":\"PropertyValueSpecification\",\"valueRequired\":true,\"valueName\":\"search_term_string\"}}],\"inLanguage\":\"en-US\"}]}<\/script>\n<!-- \/ Yoast SEO plugin. -->","yoast_head_json":{"title":"Leistungen - PK Rohstoffe","robots":{"index":"index","follow":"follow","max-snippet":"max-snippet:-1","max-image-preview":"max-image-preview:large","max-video-preview":"max-video-preview:-1"},"canonical":"https:\/\/pk-rohstoffe.de\/en\/leistungen\/","og_locale":"en_US","og_type":"article","og_title":"Leistungen - PK Rohstoffe","og_description":"Willkommen bei PK Rohstoffe Unsere Leistungen Wir bieten Ihnen individuelle L\u00f6sungen rund um Industrieabf\u00e4lle \u2013 von der Beratung \u00fcber die Verwertung bis zur Produktentwicklung. Gro\u00dfkonzerne, aber auch viele mittelst\u00e4ndische Unternehmen profitieren seit \u00fcber 50 Jahren von unserer\u00a0fachlichen Kompetenz und unserem pers\u00f6nlichen Service rund um die Themen Abfallaufbereitung, Verwertung und Recycling.\u00a0Nachhaltigkeit\u00a0ist uns dabei ein ganz besonderes [&hellip;]","og_url":"https:\/\/pk-rohstoffe.de\/en\/leistungen\/","og_site_name":"PK Rohstoffe","article_modified_time":"2025-04-23T14:46:29+00:00","twitter_card":"summary_large_image","twitter_misc":{"Est. reading time":"1 minute"},"schema":{"@context":"https:\/\/schema.org","@graph":[{"@type":"WebPage","@id":"https:\/\/pk-rohstoffe.de\/leistungen\/","url":"https:\/\/pk-rohstoffe.de\/leistungen\/","name":"Leistungen - PK Rohstoffe","isPartOf":{"@id":"https:\/\/pk-rohstoffe.de\/#website"},"datePublished":"2025-03-29T17:53:44+00:00","dateModified":"2025-04-23T14:46:29+00:00","breadcrumb":{"@id":"https:\/\/pk-rohstoffe.de\/leistungen\/#breadcrumb"},"inLanguage":"en-US","potentialAction":[{"@type":"ReadAction","target":["https:\/\/pk-rohstoffe.de\/leistungen\/"]}]},{"@type":"BreadcrumbList","@id":"https:\/\/pk-rohstoffe.de\/leistungen\/#breadcrumb","itemListElement":[{"@type":"ListItem","position":1,"name":"Home","item":"https:\/\/pk-rohstoffe.de\/"},{"@type":"ListItem","position":2,"name":"Leistungen"}]},{"@type":"WebSite","@id":"https:\/\/pk-rohstoffe.de\/#website","url":"https:\/\/pk-rohstoffe.de\/","name":"PK Rohstoffe","description":"Industrieabf\u00e4lle umweltfreundlich verwerten","potentialAction":[{"@type":"SearchAction","target":{"@type":"EntryPoint","urlTemplate":"https:\/\/pk-rohstoffe.de\/?s={search_term_string}"},"query-input":{"@type":"PropertyValueSpecification","valueRequired":true,"valueName":"search_term_string"}}],"inLanguage":"en-US"}]}},"_links":{"self":[{"href":"https:\/\/pk-rohstoffe.de\/en\/wp-json\/wp\/v2\/pages\/415","targetHints":{"allow":["GET"]}}],"collection":[{"href":"https:\/\/pk-rohstoffe.de\/en\/wp-json\/wp\/v2\/pages"}],"about":[{"href":"https:\/\/pk-rohstoffe.de\/en\/wp-json\/wp\/v2\/types\/page"}],"author":[{"embeddable":true,"href":"https:\/\/pk-rohstoffe.de\/en\/wp-json\/wp\/v2\/users\/2"}],"replies":[{"embeddable":true,"href":"https:\/\/pk-rohstoffe.de\/en\/wp-json\/wp\/v2\/comments?post=415"}],"version-history":[{"count":10,"href":"https:\/\/pk-rohstoffe.de\/en\/wp-json\/wp\/v2\/pages\/415\/revisions"}],"predecessor-version":[{"id":886,"href":"https:\/\/pk-rohstoffe.de\/en\/wp-json\/wp\/v2\/pages\/415\/revisions\/886"}],"wp:attachment":[{"href":"https:\/\/pk-rohstoffe.de\/en\/wp-json\/wp\/v2\/media?parent=415"}],"curies":[{"name":"wp","href":"https:\/\/api.w.org\/{rel}","templated":true}]}}